{"id":5403,"date":"2021-10-13T12:13:46","date_gmt":"2021-10-13T10:13:46","guid":{"rendered":"http:\/\/dev.b-safety.com\/faq\/"},"modified":"2023-10-12T12:23:23","modified_gmt":"2023-10-12T10:23:23","slug":"faq","status":"publish","type":"page","link":"https:\/\/www.b-safety.com\/fr\/faq\/","title":{"rendered":"FAQ"},"content":{"rendered":"<section class=\"wpb-content-wrapper\"><p>[vc_row][vc_column]\n\t\t<div id=\"wd-60e54b4631aa5\" class=\"title-wrapper wd-wpb set-mb-s reset-last-child  wd-rs-60e54b4631aa5 wd-title-color-primary wd-title-style-simple text-left  wd-underline-colored\">\n\t\t\t\n\t\t\t<div class=\"liner-continer\">\n\t\t\t\t<h1 class=\"woodmart-title-container title  wd-font-weight- wd-fontsize-xxl\" >Nous r\u00e9pondons \u00e0 vos questions :<\/h1>\n\t\t\t\t\t\t\t<\/div>\n\t\t\t\n\t\t\t\n\t\t\t\n\t\t<\/div>\n\t\t\n\t\t[vc_tta_accordion style=&#8221;modern&#8221; shape=&#8221;square&#8221; color=&#8221;green&#8221; spacing=&#8221;5&#8243; c_icon=&#8221;chevron&#8221; c_position=&#8221;right&#8221; active_section=&#8221;1&#8243; no_fill=&#8221;true&#8221; collapsible_all=&#8221;true&#8221; el_class=&#8221;produktbox&#8221;][vc_tta_section title=&#8221;Que sont les douches oculaires et les douches de s\u00e9curit\u00e9 ?&#8221; tab_id=&#8221;1484652030151-41d816a1-ec0605d2-407c&#8221; el_class=&#8221;produktbox&#8221;][vc_column_text text_larger=&#8221;no&#8221;]<\/p>\n<div class=\"page\" title=\"Page 1\">\n<div class=\"layoutArea\">\n<div class=\"column\">\n<p>Les douches oculaires et les douches d&#8217;urgence sont des installations de premiers soins obligatoires sur les lieux de travail o\u00f9 les employ\u00e9s peuvent entrer en contact avec des substances dangereuses, des acides, des alcalis, de la chaleur, des flammes et \u00e9galement des salet\u00e9s extr\u00eames. Les douches oculaires sont utilis\u00e9es pour rincer les yeux et le visage en cas d&#8217;urgence. Les douches d&#8217;urgence sont utilis\u00e9es pour \u00e9teindre et d\u00e9contaminer les personnes apr\u00e8s un accident.<\/p>\n<\/div>\n<\/div>\n<\/div>\n<p>[\/vc_column_text][\/vc_tta_section][vc_tta_section title=&#8221;Quelles normes et directives s&#8217;appliquent aux douches oculaires et aux douches de s\u00e9curit\u00e9 ?&#8221; tab_id=&#8221;1484652030190-407b08ef-5de705d2-407c&#8221;][vc_column_text text_larger=&#8221;no&#8221;]Les douches oculaires doivent \u00eatre conformes \u00e0 la norme EN 15154-2:2006 en Europe et \u00e0 la norme ANSI Z358.1-2014 aux \u00c9tats-Unis.<\/p>\n<p>Les douches d&#8217;urgence en Europe doivent \u00eatre conformes aux normes EN 15154-1:2006 (douches corporelles dans les laboratoires) et EN 15154-5:2019 (douches corporelles pour les lieux autres que les laboratoires \/ remplacement de la norme DIN 12899-3:2009). Aux \u00c9tats-Unis, la norme ANSI Z358.1-2014 s&#8217;applique \u00e9galement aux douches d&#8217;urgence.<\/p>\n<p>Il se peut que d&#8217;autres normes nationales doivent \u00eatre respect\u00e9es. En outre, il peut \u00eatre n\u00e9cessaire de tenir compte des normes de l&#8217;entreprise lors du choix d&#8217;une douche oculaire ou d&#8217;une douche de s\u00e9curit\u00e9.[\/vc_column_text][\/vc_tta_section][vc_tta_section title=&#8221;De quoi faut-il tenir compte lors du choix de l&#8217;emplacement d&#8217;une douche oculaire ou d&#8217;une douche de s\u00e9curit\u00e9 ?&#8221; tab_id=&#8221;1484652030219-c6960c7e-ee6205d2-407c&#8221;][vc_column_text text_larger=&#8221;no&#8221;]En g\u00e9n\u00e9ral, les douches oculaires et les douches de s\u00e9curit\u00e9 doivent \u00eatre install\u00e9es aussi pr\u00e8s que possible du poste de travail \u00e0 risque. Choisissez un emplacement qui peut \u00eatre atteint rapidement depuis les zones dangereuses. L&#8217;acc\u00e8s \u00e0 la douche doit rester libre \u00e0 tout moment. La zone autour de la douche doit toujours \u00eatre bien \u00e9clair\u00e9e, m\u00eame en cas de panne de courant. La douche elle-m\u00eame doit \u00eatre signal\u00e9e par des panneaux clairement visibles de tous les c\u00f4t\u00e9s.<\/p>\n<p>Lors de l&#8217;\u00e9tude d&#8217;un emplacement possible pour une douche oculaire ou une douche de s\u00e9curit\u00e9, les aspects suivants doivent \u00eatre pris en compte :<\/p>\n<ul>\n<li>Quelle est la temp\u00e9rature ambiante sur le lieu d&#8217;utilisation pr\u00e9vu ?<\/li>\n<li>Est-il possible de recueillir de l&#8217;eau potentiellement contamin\u00e9e ?<\/li>\n<li>Existe-t-il un approvisionnement en eau potable avec une pression suffisante ?<\/li>\n<li>La douche doit-elle \u00eatre install\u00e9e dans une zone potentiellement explosive ?<\/li>\n<li>Avez-vous envisag\u00e9 les exigences \u00e9lectriques telles que l&#8217;ATEX ?<\/li>\n<li>La douche peut-elle \u00eatre d\u00e9sactiv\u00e9e pour l&#8217;entretien ?<\/li>\n<\/ul>\n<p>Pour \u00e9viter d&#8217;endommager les meubles et les sols, il est conseill\u00e9 d&#8217;installer une douche oculaire \u00e0 proximit\u00e9 d&#8217;un \u00e9vier, afin de canaliser l&#8217;eau qui en sort. Lors de l&#8217;utilisation de la douche de s\u00e9curit\u00e9, aucun dommage cons\u00e9cutif ne doit \u00eatre caus\u00e9 par l&#8217;eau qui s&#8217;\u00e9chappe. Si n\u00e9cessaire, l&#8217;eau qui s&#8217;\u00e9chappe de la douche doit \u00eatre \u00e9vacu\u00e9e en toute s\u00e9curit\u00e9 \u00e0 l&#8217;aide de bo\u00eetiers et de bacs de r\u00e9tention.[\/vc_column_text][\/vc_tta_section][vc_tta_section title=&#8221;Que faut-il prendre en compte pour choisir la bonne douche oculaire ou douche de s\u00e9curit\u00e9 ?&#8221; tab_id=&#8221;1484652030238-302a2c7c-fe6f05d2-407c&#8221;][vc_column_text text_larger=&#8221;no&#8221;]Les exigences sp\u00e9cifiques relatives aux douches oculaires et aux douches de s\u00e9curit\u00e9 d\u00e9coulent de l&#8217;\u00e9valuation des risques de votre site. On peut \u00e9galement en d\u00e9duire le nombre de douches oculaires et de douches d&#8217;urgence n\u00e9cessaires. Il est possible que les normes propres \u00e0 l&#8217;entreprise doivent \u00eatre prises en compte.<\/p>\n<p>Les fiches de donn\u00e9es de s\u00e9curit\u00e9 des substances dangereuses utilis\u00e9es fournissent g\u00e9n\u00e9ralement des informations suppl\u00e9mentaires permettant d&#8217;identifier le risque chimique et les dangers qui en d\u00e9coulent. Ils fournissent des informations sur les proc\u00e9dures de d\u00e9contamination recommand\u00e9es pour les produits chimiques concern\u00e9s en cas d&#8217;incident ou de contact avec la peau. Par exemple, si l&#8217;ammoniac entre en contact avec la peau, la zone affect\u00e9e doit \u00eatre rinc\u00e9e \u00e0 l&#8217;eau ti\u00e8de entre 25 et 30\u00b0C pendant au moins 15 minutes.[\/vc_column_text][\/vc_tta_section][vc_tta_section title=&#8221;Quelle qualit\u00e9 d&#8217;eau doit \u00eatre fournie pour une douche oculaire ou une douche d&#8217;urgence ?&#8221; tab_id=&#8221;1484652030262-e10da133-51b005d2-407c&#8221;][vc_column_text text_larger=&#8221;no&#8221;]Les douches oculaires et les douches d&#8217;urgence doivent \u00eatre aliment\u00e9es en eau potable ou en eau de qualit\u00e9 comparable. En Allemagne, l&#8217;ordonnance sur l&#8217;eau potable s&#8217;applique \u00e0 la construction du r\u00e9seau d&#8217;eau.<\/p>\n<p>Pour prot\u00e9ger le r\u00e9seau d&#8217;eau potable, les douches oculaires \u00e0 main B-SAFETY sont \u00e9quip\u00e9es d&#8217;un disconnecteur int\u00e9gr\u00e9 de classe de protection 2 selon la norme EN 1717 (classe de protection 3 pour de courtes p\u00e9riodes). Des dispositifs anti-refoulement sont \u00e9galement disponibles en option pour les autres douches oculaires et douches de s\u00e9curit\u00e9.[\/vc_column_text][\/vc_tta_section][vc_tta_section title=&#8221;Quelle pression de fonctionnement est requise pour une douche oculaire ou une douche de s\u00e9curit\u00e9 ?&#8221; tab_id=&#8221;1622620226430-111dc678-fafa&#8221;][vc_column_text text_larger=&#8221;no&#8221;]Toutes les douches oculaires et douches de s\u00e9curit\u00e9 B-SAFETY sont con\u00e7ues pour une pression de service maximale de 10 bars (PN10). Afin d&#8217;atteindre les d\u00e9bits volum\u00e9triques requis dans les normes, les pressions d&#8217;\u00e9coulement minimales suivantes doivent \u00eatre assur\u00e9es :<\/p>\n<ul>\n<li>Douches oculaires avec une pomme de douche : pression d&#8217;\u00e9coulement d&#8217;au moins 1,5 bar<\/li>\n<li>Douches oculaires avec deux t\u00eates de douche : pression d&#8217;\u00e9coulement d&#8217;au moins 2,5 bars<\/li>\n<li>Douches d&#8217;urgence avec un d\u00e9bit volum\u00e9trique de 50 l\/min : pression d&#8217;\u00e9coulement d&#8217;au moins 1,5 bar<\/li>\n<li>Douches d&#8217;urgence avec un d\u00e9bit volum\u00e9trique de 75 l\/min \/ 20 GPM : pression d&#8217;\u00e9coulement d&#8217;au moins 2,5 bar<\/li>\n<\/ul>\n<p>[\/vc_column_text][\/vc_tta_section][vc_tta_section title=&#8221;Quel d\u00e9bit volumique est n\u00e9cessaire pour une douche oculaire ?&#8221; tab_id=&#8221;1622620684078-01c76639-1143&#8243;][vc_column_text text_larger=&#8221;no&#8221;]La norme EN 15154-2:2006 exige un d\u00e9bit minimum de 6 litres par minute pour les douches oculaires pour toutes les applications, quel que soit le nombre de sorties. La hauteur du jet doit \u00eatre de 100 \u00e0 300 mm avant que le jet ne s&#8217;effondre. Les douches oculaires B-SAFETY sont \u00e9quip\u00e9es de t\u00eates de douche haute performance qui d\u00e9livrent un jet d&#8217;eau particuli\u00e8rement doux, optimis\u00e9 pour le rin\u00e7age des produits chimiques dans l&#8217;\u0153il.<\/p>\n<p>La norme ANSI Z358.1-2014 fait la distinction entre les douches oculaires et les douches oculo-visuelles. Un d\u00e9bit minimal de 1,5 litre\/minute ou 0,4 GPM est requis pour les douches oculaires\/visuelles et de 11,4 litres\/minute ou 3 GPM pour les douches oculaires\/visuelles.<\/p>\n<p>Les douches oculaires B-SAFETY ont des d\u00e9bits diff\u00e9rents selon le nombre de douchettes haute performance :<\/p>\n<ul>\n<li>Douches oculaires avec une pomme de douche : 7 litres \/ minute (1,8 GPM)<\/li>\n<li>Douches oculaires avec deux t\u00eates de douche : 14 litres \/ minute (3,6 GPM)<\/li>\n<\/ul>\n<p>[\/vc_column_text][\/vc_tta_section][vc_tta_section title=&#8221;Quel est le d\u00e9bit volumique n\u00e9cessaire pour une douche d&#8217;urgence ?&#8221; tab_id=&#8221;1622620686316-987fbd4b-57d9&#8243;][vc_column_text text_larger=&#8221;no&#8221;]La norme ANSI Z358.1-2014 exige un d\u00e9bit minimum de 75 litres \/ minute ou 20 GPM pour toutes les douches de s\u00e9curit\u00e9 corporelles. En comparaison, la norme EN 15154-5:2019 d\u00e9finit les classes de danger I, II et III et leur attribue des d\u00e9bits volumiques de 30-60, 60-100 et plus de 100 litres \/ minute.<\/p>\n<p>Les douches de s\u00e9curit\u00e9 corporelles B-SAFETY ont des d\u00e9bits volumiques diff\u00e9rents selon la classe de danger. Dans le secteur des laboratoires, par exemple, un d\u00e9bit volumique de 50 litres \/ minute s&#8217;est impos\u00e9. Dans l&#8217;industrie, un d\u00e9bit de 75 litres \/ minute a fait ses preuves, car les quantit\u00e9s de substances dangereuses sont parfois beaucoup plus \u00e9lev\u00e9es.[\/vc_column_text][\/vc_tta_section][vc_tta_section title=&#8221;Comment emp\u00eacher les germes de contaminer l&#8217;eau de la douche ?&#8221; tab_id=&#8221;1622620687034-e9688253-4326&#8243;][vc_column_text text_larger=&#8221;no&#8221;]Pour les douches oculaires et les douches de s\u00e9curit\u00e9, il est recommand\u00e9 de proc\u00e9der au moins une fois par semaine \u00e0 un test de fonctionnement (quelques secondes) pour assurer le remplacement r\u00e9gulier de l&#8217;eau stagnante. Cela permet \u00e9galement de s&#8217;assurer que la douche est pr\u00eate \u00e0 \u00eatre utilis\u00e9e dans les plus brefs d\u00e9lais.<\/p>\n<p>Toutes les douches de s\u00e9curit\u00e9 B-SAFETY sont con\u00e7ues pour \u00eatre auto-vidangeables entre la vanne de d\u00e9clenchement et la pomme de douche afin d&#8217;\u00e9viter toute contamination par l&#8217;eau stagnante \u00e0 l&#8217;avance.<\/p>\n<p>En option, toutes les douches de s\u00e9curit\u00e9 B-SAFETY peuvent \u00eatre \u00e9quip\u00e9es de syst\u00e8mes de filtration CleanLine, qui fournissent uniquement de l&#8217;eau 100 % purifi\u00e9e et st\u00e9rile pour les premiers soins.[\/vc_column_text][\/vc_tta_section][vc_tta_section title=&#8221;Que faut-il observer lors de l&#8217;utilisation d&#8217;une douche oculaire en cas de premiers soins ?&#8221; tab_id=&#8221;1622620687752-a415ddbe-4e82&#8243;][vc_column_text text_larger=&#8221;no&#8221;]Pendant l&#8217;irrigation oculaire des premiers secours, la douche oculaire ne doit pas \u00eatre en contact direct avec l&#8217;\u0153il contamin\u00e9 ou son environnement. La protection en caoutchouc noir de la douche oculaire B-SAFETY ne sert que de protection contre les blessures par impact. Un effet de rin\u00e7age optimal est obtenu \u00e0 une distance d&#8217;environ 150 mm. Le diam\u00e8tre du c\u00f4ne du faisceau \u00e0 cette hauteur est d&#8217;environ 80 mm. Il est recommand\u00e9 de tenir l&#8217;\u0153il ouvert avec les deux mains pour l&#8217;application. Demandez de l&#8217;aide m\u00e9dicale !<\/p>\n<p>Si possible, la ou les t\u00eates de douche doivent \u00eatre vid\u00e9es apr\u00e8s chaque utilisation en tenant la t\u00eate de douche vers le bas. Cela permet d&#8217;\u00e9viter l&#8217;eau stagnante dans la pomme de douche et de minimiser les risques de germes.[\/vc_column_text][\/vc_tta_section][vc_tta_section title=&#8221;Quels intervalles de maintenance doivent \u00eatre respect\u00e9s pour les douches oculaires et les douches de s\u00e9curit\u00e9 ?&#8221; tab_id=&#8221;1622620688579-26fdad58-24d0&#8243;][vc_column_text text_larger=&#8221;no&#8221;]Le fonctionnement des douches oculaires et des douches de s\u00e9curit\u00e9 doit \u00eatre v\u00e9rifi\u00e9 au moins une fois par mois. Cela permet non seulement de contr\u00f4ler le fonctionnement, mais aussi de remplacer l&#8217;eau stagnante dans la douche par de l&#8217;eau fra\u00eeche (protection contre les germes). Pour r\u00e9duire la contamination microbiologique, il est recommand\u00e9 de faire fonctionner la douche \u00e0 des intervalles plus courts (par exemple, une fois par semaine).<\/p>\n<p>Afin de garantir que les douches oculaires et les douches de s\u00e9curit\u00e9 sont pr\u00eates \u00e0 \u00eatre utilis\u00e9es \u00e0 long terme, il est recommand\u00e9 de proc\u00e9der \u00e0 un entretien r\u00e9gulier (au moins annuel) et approfondi des douches. Dans le cadre de cet entretien, la douche doit \u00eatre inspect\u00e9e visuellement pour v\u00e9rifier son comportement de fermeture, les \u00e9ventuelles fuites et les salissures telles que la poussi\u00e8re ou les d\u00e9p\u00f4ts de calcaire. Les pi\u00e8ces d\u00e9fectueuses doivent \u00eatre remplac\u00e9es imm\u00e9diatement.[\/vc_column_text][\/vc_tta_section][vc_tta_section title=&#8221;Quels sont les \u00e9l\u00e9ments \u00e0 prendre en compte pour obtenir une garantie et une caution ?&#8221; tab_id=&#8221;1622620689142-172afe21-cab1&#8243;][vc_column_text text_larger=&#8221;no&#8221;]L&#8217;installation, la mise en service et l&#8217;entretien d&#8217;une douche oculaire ou d&#8217;une douche de s\u00e9curit\u00e9 ne peuvent \u00eatre effectu\u00e9s que par un sp\u00e9cialiste, conform\u00e9ment aux instructions fournies et dans le respect des prescriptions l\u00e9gales et des r\u00e8gles reconnues de la technique. Les conditions techniques des entreprises locales de distribution d&#8217;eau et d&#8217;\u00e9nergie doivent \u00eatre respect\u00e9es.[\/vc_column_text][\/vc_tta_section][\/vc_tta_accordion][\/vc_column][\/vc_row]<\/p>\n<\/section>","protected":false},"excerpt":{"rendered":"<p>[vc_row][vc_column][vc_tta_accordion style=&#8221;modern&#8221; shape=&#8221;square&#8221; color=&#8221;green&#8221; spacing=&#8221;5&#8243; c_icon=&#8221;chevron&#8221; c_position=&#8221;right&#8221; active_section=&#8221;1&#8243; no_fill=&#8221;true&#8221; collapsible_all=&#8221;true&#8221; el_class=&#8221;produktbox&#8221;][vc_tta_section title=&#8221;Que sont les douches oculaires et les douches de<\/p>\n","protected":false},"author":2,"featured_media":0,"parent":0,"menu_order":0,"comment_status":"closed","ping_status":"closed","template":"","meta":{"footnotes":"","advanced-sidebar-menu\/link-title":"","advanced-sidebar-menu\/exclude-page":false},"class_list":["post-5403","page","type-page","status-publish","hentry"],"yoast_head":"<!-- This site is optimized with the Yoast SEO plugin v27.4 - https:\/\/yoast.com\/product\/yoast-seo-wordpress\/ -->\n<title>FAQ - B-SAFETY<\/title>\n<meta name=\"robots\" content=\"index, follow, max-snippet:-1, max-image-preview:large, max-video-preview:-1\" \/>\n<link rel=\"canonical\" href=\"https:\/\/www.b-safety.com\/fr\/faq\/\" \/>\n<meta property=\"og:locale\" content=\"fr_FR\" \/>\n<meta property=\"og:type\" content=\"article\" \/>\n<meta property=\"og:title\" content=\"FAQ - B-SAFETY\" \/>\n<meta property=\"og:description\" content=\"[vc_row][vc_column][vc_tta_accordion style=&#8221;modern&#8221; shape=&#8221;square&#8221; color=&#8221;green&#8221; spacing=&#8221;5&#8243; c_icon=&#8221;chevron&#8221; c_position=&#8221;right&#8221; active_section=&#8221;1&#8243; no_fill=&#8221;true&#8221; collapsible_all=&#8221;true&#8221; el_class=&#8221;produktbox&#8221;][vc_tta_section title=&#8221;Que sont les douches oculaires et les douches de\" \/>\n<meta property=\"og:url\" content=\"https:\/\/www.b-safety.com\/fr\/faq\/\" \/>\n<meta property=\"og:site_name\" content=\"B-SAFETY\" \/>\n<meta property=\"article:modified_time\" content=\"2023-10-12T10:23:23+00:00\" \/>\n<meta name=\"twitter:card\" content=\"summary_large_image\" \/>\n<meta name=\"twitter:label1\" content=\"Dur\u00e9e de lecture estim\u00e9e\" \/>\n\t<meta name=\"twitter:data1\" content=\"9 minutes\" \/>\n<script type=\"application\/ld+json\" class=\"yoast-schema-graph\">{\"@context\":\"https:\\\/\\\/schema.org\",\"@graph\":[{\"@type\":\"WebPage\",\"@id\":\"https:\\\/\\\/www.b-safety.com\\\/fr\\\/faq\\\/\",\"url\":\"https:\\\/\\\/www.b-safety.com\\\/fr\\\/faq\\\/\",\"name\":\"FAQ - B-SAFETY\",\"isPartOf\":{\"@id\":\"https:\\\/\\\/www.b-safety.com\\\/#website\"},\"datePublished\":\"2021-10-13T10:13:46+00:00\",\"dateModified\":\"2023-10-12T10:23:23+00:00\",\"breadcrumb\":{\"@id\":\"https:\\\/\\\/www.b-safety.com\\\/fr\\\/faq\\\/#breadcrumb\"},\"inLanguage\":\"fr-FR\",\"potentialAction\":[{\"@type\":\"ReadAction\",\"target\":[\"https:\\\/\\\/www.b-safety.com\\\/fr\\\/faq\\\/\"]}]},{\"@type\":\"BreadcrumbList\",\"@id\":\"https:\\\/\\\/www.b-safety.com\\\/fr\\\/faq\\\/#breadcrumb\",\"itemListElement\":[{\"@type\":\"ListItem\",\"position\":1,\"name\":\"Startseite\",\"item\":\"https:\\\/\\\/www.b-safety.com\\\/fr\\\/\"},{\"@type\":\"ListItem\",\"position\":2,\"name\":\"FAQ\"}]},{\"@type\":\"WebSite\",\"@id\":\"https:\\\/\\\/www.b-safety.com\\\/#website\",\"url\":\"https:\\\/\\\/www.b-safety.com\\\/\",\"name\":\"B-SAFETY\",\"description\":\"B-SAFETY - Notduschen &amp; Augenduschen\",\"publisher\":{\"@id\":\"https:\\\/\\\/www.b-safety.com\\\/#organization\"},\"potentialAction\":[{\"@type\":\"SearchAction\",\"target\":{\"@type\":\"EntryPoint\",\"urlTemplate\":\"https:\\\/\\\/www.b-safety.com\\\/?s={search_term_string}\"},\"query-input\":{\"@type\":\"PropertyValueSpecification\",\"valueRequired\":true,\"valueName\":\"search_term_string\"}}],\"inLanguage\":\"fr-FR\"},{\"@type\":\"Organization\",\"@id\":\"https:\\\/\\\/www.b-safety.com\\\/#organization\",\"name\":\"B-SAFETY GmbH\",\"url\":\"https:\\\/\\\/www.b-safety.com\\\/\",\"logo\":{\"@type\":\"ImageObject\",\"inLanguage\":\"fr-FR\",\"@id\":\"https:\\\/\\\/www.b-safety.com\\\/#\\\/schema\\\/logo\\\/image\\\/\",\"url\":\"https:\\\/\\\/www.b-safety.com\\\/wp-content\\\/uploads\\\/Logo-B-SAFETY-2022.jpg\",\"contentUrl\":\"https:\\\/\\\/www.b-safety.com\\\/wp-content\\\/uploads\\\/Logo-B-SAFETY-2022.jpg\",\"width\":500,\"height\":106,\"caption\":\"B-SAFETY GmbH\"},\"image\":{\"@id\":\"https:\\\/\\\/www.b-safety.com\\\/#\\\/schema\\\/logo\\\/image\\\/\"}}]}<\/script>\n<!-- \/ Yoast SEO plugin. -->","yoast_head_json":{"title":"FAQ - B-SAFETY","robots":{"index":"index","follow":"follow","max-snippet":"max-snippet:-1","max-image-preview":"max-image-preview:large","max-video-preview":"max-video-preview:-1"},"canonical":"https:\/\/www.b-safety.com\/fr\/faq\/","og_locale":"fr_FR","og_type":"article","og_title":"FAQ - B-SAFETY","og_description":"[vc_row][vc_column][vc_tta_accordion style=&#8221;modern&#8221; shape=&#8221;square&#8221; color=&#8221;green&#8221; spacing=&#8221;5&#8243; c_icon=&#8221;chevron&#8221; c_position=&#8221;right&#8221; active_section=&#8221;1&#8243; no_fill=&#8221;true&#8221; collapsible_all=&#8221;true&#8221; el_class=&#8221;produktbox&#8221;][vc_tta_section title=&#8221;Que sont les douches oculaires et les douches de","og_url":"https:\/\/www.b-safety.com\/fr\/faq\/","og_site_name":"B-SAFETY","article_modified_time":"2023-10-12T10:23:23+00:00","twitter_card":"summary_large_image","twitter_misc":{"Dur\u00e9e de lecture estim\u00e9e":"9 minutes"},"schema":{"@context":"https:\/\/schema.org","@graph":[{"@type":"WebPage","@id":"https:\/\/www.b-safety.com\/fr\/faq\/","url":"https:\/\/www.b-safety.com\/fr\/faq\/","name":"FAQ - B-SAFETY","isPartOf":{"@id":"https:\/\/www.b-safety.com\/#website"},"datePublished":"2021-10-13T10:13:46+00:00","dateModified":"2023-10-12T10:23:23+00:00","breadcrumb":{"@id":"https:\/\/www.b-safety.com\/fr\/faq\/#breadcrumb"},"inLanguage":"fr-FR","potentialAction":[{"@type":"ReadAction","target":["https:\/\/www.b-safety.com\/fr\/faq\/"]}]},{"@type":"BreadcrumbList","@id":"https:\/\/www.b-safety.com\/fr\/faq\/#breadcrumb","itemListElement":[{"@type":"ListItem","position":1,"name":"Startseite","item":"https:\/\/www.b-safety.com\/fr\/"},{"@type":"ListItem","position":2,"name":"FAQ"}]},{"@type":"WebSite","@id":"https:\/\/www.b-safety.com\/#website","url":"https:\/\/www.b-safety.com\/","name":"B-SAFETY","description":"B-SAFETY - Notduschen &amp; Augenduschen","publisher":{"@id":"https:\/\/www.b-safety.com\/#organization"},"potentialAction":[{"@type":"SearchAction","target":{"@type":"EntryPoint","urlTemplate":"https:\/\/www.b-safety.com\/?s={search_term_string}"},"query-input":{"@type":"PropertyValueSpecification","valueRequired":true,"valueName":"search_term_string"}}],"inLanguage":"fr-FR"},{"@type":"Organization","@id":"https:\/\/www.b-safety.com\/#organization","name":"B-SAFETY GmbH","url":"https:\/\/www.b-safety.com\/","logo":{"@type":"ImageObject","inLanguage":"fr-FR","@id":"https:\/\/www.b-safety.com\/#\/schema\/logo\/image\/","url":"https:\/\/www.b-safety.com\/wp-content\/uploads\/Logo-B-SAFETY-2022.jpg","contentUrl":"https:\/\/www.b-safety.com\/wp-content\/uploads\/Logo-B-SAFETY-2022.jpg","width":500,"height":106,"caption":"B-SAFETY GmbH"},"image":{"@id":"https:\/\/www.b-safety.com\/#\/schema\/logo\/image\/"}}]}},"_links":{"self":[{"href":"https:\/\/www.b-safety.com\/fr\/wp-json\/wp\/v2\/pages\/5403","targetHints":{"allow":["GET"]}}],"collection":[{"href":"https:\/\/www.b-safety.com\/fr\/wp-json\/wp\/v2\/pages"}],"about":[{"href":"https:\/\/www.b-safety.com\/fr\/wp-json\/wp\/v2\/types\/page"}],"author":[{"embeddable":true,"href":"https:\/\/www.b-safety.com\/fr\/wp-json\/wp\/v2\/users\/2"}],"replies":[{"embeddable":true,"href":"https:\/\/www.b-safety.com\/fr\/wp-json\/wp\/v2\/comments?post=5403"}],"version-history":[{"count":4,"href":"https:\/\/www.b-safety.com\/fr\/wp-json\/wp\/v2\/pages\/5403\/revisions"}],"predecessor-version":[{"id":11467,"href":"https:\/\/www.b-safety.com\/fr\/wp-json\/wp\/v2\/pages\/5403\/revisions\/11467"}],"wp:attachment":[{"href":"https:\/\/www.b-safety.com\/fr\/wp-json\/wp\/v2\/media?parent=5403"}],"curies":[{"name":"wp","href":"https:\/\/api.w.org\/{rel}","templated":true}]}}