{"id":11575,"date":"2022-02-17T15:03:40","date_gmt":"2022-02-17T14:03:40","guid":{"rendered":"http:\/\/dev.b-safety.com\/entreprise\/valeurs-de-lentreprise\/"},"modified":"2024-11-21T11:15:07","modified_gmt":"2024-11-21T10:15:07","slug":"valeurs-de-lentreprise","status":"publish","type":"page","link":"https:\/\/www.b-safety.com\/fr\/entreprise\/valeurs-de-lentreprise\/","title":{"rendered":"Valeurs de l\u2019entreprise"},"content":{"rendered":"<section class=\"wpb-content-wrapper\"><p>[vc_row mobile_bg_img_hidden=&#8221;no&#8221; tablet_bg_img_hidden=&#8221;no&#8221; woodmart_parallax=&#8221;0&#8243; woodmart_gradient_switch=&#8221;no&#8221; row_reverse_mobile=&#8221;0&#8243; row_reverse_tablet=&#8221;0&#8243; woodmart_disable_overflow=&#8221;0&#8243;][vc_column]\n\t\t<div id=\"wd-622b1c5895ec9\" class=\"title-wrapper wd-wpb set-mb-s reset-last-child  wd-rs-622b1c5895ec9 wd-title-color-primary wd-title-style-simple text-left vc_custom_1646992476125 wd-underline-colored\">\n\t\t\t\n\t\t\t<div class=\"liner-continer\">\n\t\t\t\t<h1 class=\"woodmart-title-container title  wd-font-weight- wd-fontsize-xxl\" >Valeurs de l\u2019entreprise<\/h1>\n\t\t\t\t\t\t\t<\/div>\n\t\t\t\n\t\t\t\n\t\t\t\n\t\t<\/div>\n\t\t\n\t\t[vc_column_text css=&#8221;.vc_custom_1622619182315{margin-bottom: 20px !important;}&#8221; text_larger=&#8221;no&#8221;]Aucun mouvement global ne part d\u2019une seule personne. Toute une \u00e9quipe f\u00e9d\u00e9r\u00e9e autour d\u2019une grande cause est n\u00e9cessaire. Ensemble, nous travaillons dur, nous nous amusons et nous r\u00e9fl\u00e9chissons en permanence \u00e0 nos missions. Notre succ\u00e8s d\u00e9pend de notre \u00e9nergie collective, de notre intelligence et de la contribution de chacun des membres de notre \u00e9quipe.<\/p>\n<p>La satisfaction et les besoins de nos clients nous tiennent particuli\u00e8rement \u00e0 c\u0153ur. Notre objectif est de r\u00e9pondre \u00e0 vos attentes pour chaque projet et de les surpasser. Nous aidons nos clients \u00e0 travailler de mani\u00e8re plus efficace et plus s\u00fbre. Nous vous proposons le r\u00e9sultat optimal pour des solutions r\u00e9alistes. Nous consid\u00e9rons que ce r\u00f4le est un privil\u00e8ge et savons qu\u2019il exige une attention et un engagement de tous les instants.<\/p>\n<p>Par amour de l\u2019environnement, nous travaillons toujours \u00e0 des solutions adapt\u00e9es pour un comportement \u00e9quitable et respectueux. Nous sommes convaincus que c\u2019est juste et important de prendre des d\u00e9cisions durables dans et autour de notre entreprise m\u00eame pour les petites choses du quotidien.<\/p>\n<p>Ces valeurs constituent le c\u0153ur de notre culture d\u2019entreprise et d\u00e9terminent la mani\u00e8re dont nous g\u00e9rons nos affaires chaque jour, avec vous, nos clients, partenaires et fournisseurs. Vous \u00eates \u00e0 l\u2019origine de diff\u00e9rents changements. Nous vous devons ce que nous sommes aujourd\u2019hui.[\/vc_column_text][\/vc_column][\/vc_row]<\/p>\n<\/section>","protected":false},"excerpt":{"rendered":"<p>[vc_row mobile_bg_img_hidden=&#8221;no&#8221; tablet_bg_img_hidden=&#8221;no&#8221; woodmart_parallax=&#8221;0&#8243; woodmart_gradient_switch=&#8221;no&#8221; row_reverse_mobile=&#8221;0&#8243; row_reverse_tablet=&#8221;0&#8243; woodmart_disable_overflow=&#8221;0&#8243;][vc_column][vc_column_text css=&#8221;.vc_custom_1622619182315{margin-bottom: 20px !important;}&#8221; text_larger=&#8221;no&#8221;]Aucun mouvement global ne part d\u2019une seule personne. Toute<\/p>\n","protected":false},"author":2,"featured_media":0,"parent":11564,"menu_order":1,"comment_status":"closed","ping_status":"closed","template":"","meta":{"footnotes":"","advanced-sidebar-menu\/link-title":"Valeurs de l\u2019entreprise","advanced-sidebar-menu\/exclude-page":false},"class_list":["post-11575","page","type-page","status-publish","hentry"],"yoast_head":"<!-- This site is optimized with the Yoast SEO plugin v27.2 - https:\/\/yoast.com\/product\/yoast-seo-wordpress\/ -->\n<title>Valeurs de l\u2019entreprise - B-SAFETY<\/title>\n<meta name=\"robots\" content=\"index, follow, max-snippet:-1, max-image-preview:large, max-video-preview:-1\" \/>\n<link rel=\"canonical\" href=\"https:\/\/www.b-safety.com\/fr\/entreprise\/valeurs-de-lentreprise\/\" \/>\n<meta property=\"og:locale\" content=\"fr_FR\" \/>\n<meta property=\"og:type\" content=\"article\" \/>\n<meta property=\"og:title\" content=\"Valeurs de l\u2019entreprise - B-SAFETY\" \/>\n<meta property=\"og:description\" content=\"[vc_row mobile_bg_img_hidden=&#8221;no&#8221; tablet_bg_img_hidden=&#8221;no&#8221; woodmart_parallax=&#8221;0&#8243; woodmart_gradient_switch=&#8221;no&#8221; row_reverse_mobile=&#8221;0&#8243; row_reverse_tablet=&#8221;0&#8243; woodmart_disable_overflow=&#8221;0&#8243;][vc_column][vc_column_text css=&#8221;.vc_custom_1622619182315{margin-bottom: 20px !important;}&#8221; text_larger=&#8221;no&#8221;]Aucun mouvement global ne part d\u2019une seule personne. Toute\" \/>\n<meta property=\"og:url\" content=\"https:\/\/www.b-safety.com\/fr\/entreprise\/valeurs-de-lentreprise\/\" \/>\n<meta property=\"og:site_name\" content=\"B-SAFETY\" \/>\n<meta property=\"article:modified_time\" content=\"2024-11-21T10:15:07+00:00\" \/>\n<meta name=\"twitter:card\" content=\"summary_large_image\" \/>\n<meta name=\"twitter:label1\" content=\"Dur\u00e9e de lecture estim\u00e9e\" \/>\n\t<meta name=\"twitter:data1\" content=\"2 minutes\" \/>\n<script type=\"application\/ld+json\" class=\"yoast-schema-graph\">{\"@context\":\"https:\/\/schema.org\",\"@graph\":[{\"@type\":\"WebPage\",\"@id\":\"https:\/\/www.b-safety.com\/fr\/entreprise\/valeurs-de-lentreprise\/\",\"url\":\"https:\/\/www.b-safety.com\/fr\/entreprise\/valeurs-de-lentreprise\/\",\"name\":\"Valeurs de l\u2019entreprise - B-SAFETY\",\"isPartOf\":{\"@id\":\"https:\/\/www.b-safety.com\/#website\"},\"datePublished\":\"2022-02-17T14:03:40+00:00\",\"dateModified\":\"2024-11-21T10:15:07+00:00\",\"breadcrumb\":{\"@id\":\"https:\/\/www.b-safety.com\/fr\/entreprise\/valeurs-de-lentreprise\/#breadcrumb\"},\"inLanguage\":\"fr-FR\",\"potentialAction\":[{\"@type\":\"ReadAction\",\"target\":[\"https:\/\/www.b-safety.com\/fr\/entreprise\/valeurs-de-lentreprise\/\"]}]},{\"@type\":\"BreadcrumbList\",\"@id\":\"https:\/\/www.b-safety.com\/fr\/entreprise\/valeurs-de-lentreprise\/#breadcrumb\",\"itemListElement\":[{\"@type\":\"ListItem\",\"position\":1,\"name\":\"Startseite\",\"item\":\"https:\/\/www.b-safety.com\/fr\/\"},{\"@type\":\"ListItem\",\"position\":2,\"name\":\"Entreprise\",\"item\":\"https:\/\/www.b-safety.com\/fr\/entreprise\/\"},{\"@type\":\"ListItem\",\"position\":3,\"name\":\"Valeurs de l\u2019entreprise\"}]},{\"@type\":\"WebSite\",\"@id\":\"https:\/\/www.b-safety.com\/#website\",\"url\":\"https:\/\/www.b-safety.com\/\",\"name\":\"B-SAFETY\",\"description\":\"B-SAFETY - Notduschen &amp; Augenduschen\",\"publisher\":{\"@id\":\"https:\/\/www.b-safety.com\/#organization\"},\"potentialAction\":[{\"@type\":\"SearchAction\",\"target\":{\"@type\":\"EntryPoint\",\"urlTemplate\":\"https:\/\/www.b-safety.com\/?s={search_term_string}\"},\"query-input\":{\"@type\":\"PropertyValueSpecification\",\"valueRequired\":true,\"valueName\":\"search_term_string\"}}],\"inLanguage\":\"fr-FR\"},{\"@type\":\"Organization\",\"@id\":\"https:\/\/www.b-safety.com\/#organization\",\"name\":\"B-SAFETY GmbH\",\"url\":\"https:\/\/www.b-safety.com\/\",\"logo\":{\"@type\":\"ImageObject\",\"inLanguage\":\"fr-FR\",\"@id\":\"https:\/\/www.b-safety.com\/#\/schema\/logo\/image\/\",\"url\":\"https:\/\/www.b-safety.com\/wp-content\/uploads\/Logo-B-SAFETY-2022.jpg\",\"contentUrl\":\"https:\/\/www.b-safety.com\/wp-content\/uploads\/Logo-B-SAFETY-2022.jpg\",\"width\":500,\"height\":106,\"caption\":\"B-SAFETY GmbH\"},\"image\":{\"@id\":\"https:\/\/www.b-safety.com\/#\/schema\/logo\/image\/\"}}]}<\/script>\n<!-- \/ Yoast SEO plugin. -->","yoast_head_json":{"title":"Valeurs de l\u2019entreprise - B-SAFETY","robots":{"index":"index","follow":"follow","max-snippet":"max-snippet:-1","max-image-preview":"max-image-preview:large","max-video-preview":"max-video-preview:-1"},"canonical":"https:\/\/www.b-safety.com\/fr\/entreprise\/valeurs-de-lentreprise\/","og_locale":"fr_FR","og_type":"article","og_title":"Valeurs de l\u2019entreprise - B-SAFETY","og_description":"[vc_row mobile_bg_img_hidden=&#8221;no&#8221; tablet_bg_img_hidden=&#8221;no&#8221; woodmart_parallax=&#8221;0&#8243; woodmart_gradient_switch=&#8221;no&#8221; row_reverse_mobile=&#8221;0&#8243; row_reverse_tablet=&#8221;0&#8243; woodmart_disable_overflow=&#8221;0&#8243;][vc_column][vc_column_text css=&#8221;.vc_custom_1622619182315{margin-bottom: 20px !important;}&#8221; text_larger=&#8221;no&#8221;]Aucun mouvement global ne part d\u2019une seule personne. Toute","og_url":"https:\/\/www.b-safety.com\/fr\/entreprise\/valeurs-de-lentreprise\/","og_site_name":"B-SAFETY","article_modified_time":"2024-11-21T10:15:07+00:00","twitter_card":"summary_large_image","twitter_misc":{"Dur\u00e9e de lecture estim\u00e9e":"2 minutes"},"schema":{"@context":"https:\/\/schema.org","@graph":[{"@type":"WebPage","@id":"https:\/\/www.b-safety.com\/fr\/entreprise\/valeurs-de-lentreprise\/","url":"https:\/\/www.b-safety.com\/fr\/entreprise\/valeurs-de-lentreprise\/","name":"Valeurs de l\u2019entreprise - B-SAFETY","isPartOf":{"@id":"https:\/\/www.b-safety.com\/#website"},"datePublished":"2022-02-17T14:03:40+00:00","dateModified":"2024-11-21T10:15:07+00:00","breadcrumb":{"@id":"https:\/\/www.b-safety.com\/fr\/entreprise\/valeurs-de-lentreprise\/#breadcrumb"},"inLanguage":"fr-FR","potentialAction":[{"@type":"ReadAction","target":["https:\/\/www.b-safety.com\/fr\/entreprise\/valeurs-de-lentreprise\/"]}]},{"@type":"BreadcrumbList","@id":"https:\/\/www.b-safety.com\/fr\/entreprise\/valeurs-de-lentreprise\/#breadcrumb","itemListElement":[{"@type":"ListItem","position":1,"name":"Startseite","item":"https:\/\/www.b-safety.com\/fr\/"},{"@type":"ListItem","position":2,"name":"Entreprise","item":"https:\/\/www.b-safety.com\/fr\/entreprise\/"},{"@type":"ListItem","position":3,"name":"Valeurs de l\u2019entreprise"}]},{"@type":"WebSite","@id":"https:\/\/www.b-safety.com\/#website","url":"https:\/\/www.b-safety.com\/","name":"B-SAFETY","description":"B-SAFETY - Notduschen &amp; Augenduschen","publisher":{"@id":"https:\/\/www.b-safety.com\/#organization"},"potentialAction":[{"@type":"SearchAction","target":{"@type":"EntryPoint","urlTemplate":"https:\/\/www.b-safety.com\/?s={search_term_string}"},"query-input":{"@type":"PropertyValueSpecification","valueRequired":true,"valueName":"search_term_string"}}],"inLanguage":"fr-FR"},{"@type":"Organization","@id":"https:\/\/www.b-safety.com\/#organization","name":"B-SAFETY GmbH","url":"https:\/\/www.b-safety.com\/","logo":{"@type":"ImageObject","inLanguage":"fr-FR","@id":"https:\/\/www.b-safety.com\/#\/schema\/logo\/image\/","url":"https:\/\/www.b-safety.com\/wp-content\/uploads\/Logo-B-SAFETY-2022.jpg","contentUrl":"https:\/\/www.b-safety.com\/wp-content\/uploads\/Logo-B-SAFETY-2022.jpg","width":500,"height":106,"caption":"B-SAFETY GmbH"},"image":{"@id":"https:\/\/www.b-safety.com\/#\/schema\/logo\/image\/"}}]}},"_links":{"self":[{"href":"https:\/\/www.b-safety.com\/fr\/wp-json\/wp\/v2\/pages\/11575","targetHints":{"allow":["GET"]}}],"collection":[{"href":"https:\/\/www.b-safety.com\/fr\/wp-json\/wp\/v2\/pages"}],"about":[{"href":"https:\/\/www.b-safety.com\/fr\/wp-json\/wp\/v2\/types\/page"}],"author":[{"embeddable":true,"href":"https:\/\/www.b-safety.com\/fr\/wp-json\/wp\/v2\/users\/2"}],"replies":[{"embeddable":true,"href":"https:\/\/www.b-safety.com\/fr\/wp-json\/wp\/v2\/comments?post=11575"}],"version-history":[{"count":3,"href":"https:\/\/www.b-safety.com\/fr\/wp-json\/wp\/v2\/pages\/11575\/revisions"}],"predecessor-version":[{"id":20700,"href":"https:\/\/www.b-safety.com\/fr\/wp-json\/wp\/v2\/pages\/11575\/revisions\/20700"}],"up":[{"embeddable":true,"href":"https:\/\/www.b-safety.com\/fr\/wp-json\/wp\/v2\/pages\/11564"}],"wp:attachment":[{"href":"https:\/\/www.b-safety.com\/fr\/wp-json\/wp\/v2\/media?parent=11575"}],"curies":[{"name":"wp","href":"https:\/\/api.w.org\/{rel}","templated":true}]}}