{"id":11565,"date":"2022-02-17T14:58:05","date_gmt":"2022-02-17T13:58:05","guid":{"rendered":"http:\/\/dev.b-safety.com\/entreprise\/trois-secteurs-dactivites\/"},"modified":"2025-07-22T17:09:46","modified_gmt":"2025-07-22T15:09:46","slug":"trois-secteurs-dactivites","status":"publish","type":"page","link":"https:\/\/www.b-safety.com\/fr\/entreprise\/trois-secteurs-dactivites\/","title":{"rendered":"Trois secteurs d\u2019activit\u00e9s"},"content":{"rendered":"<section class=\"wpb-content-wrapper\"><p>[vc_row mobile_bg_img_hidden=&#8221;no&#8221; tablet_bg_img_hidden=&#8221;no&#8221; woodmart_parallax=&#8221;0&#8243; woodmart_gradient_switch=&#8221;no&#8221; row_reverse_mobile=&#8221;0&#8243; row_reverse_tablet=&#8221;0&#8243; woodmart_disable_overflow=&#8221;0&#8243;][vc_column]\n\t\t<div id=\"wd-60b7369b2bd82\" class=\"title-wrapper wd-wpb set-mb-s reset-last-child  wd-rs-60b7369b2bd82 wd-title-color-primary wd-title-style-simple text-left vc_custom_1622619810270 wd-underline-colored\">\n\t\t\t\n\t\t\t<div class=\"liner-continer\">\n\t\t\t\t<h1 class=\"woodmart-title-container title  wd-font-weight- wd-fontsize-xxl\" >Trois secteurs d\u2019activit\u00e9s \u2013 Trois points forts<\/h1>\n\t\t\t\t\t\t\t<\/div>\n\t\t\t\n\t\t\t\n\t\t\t\n\t\t<\/div>\n\t\t\n\t\t[vc_column_text css=&#8221;.vc_custom_1622619334989{margin-bottom: 3vh !important;}&#8221; text_larger=&#8221;no&#8221;]Trois secteurs d\u2019activit\u00e9s \u2013 Trois points forts ! Trois secteurs d\u2019activit\u00e9s \u2013 Trois points forts ! B-SAFETY est une entreprise internationale prosp\u00e8re qui, gr\u00e2ce \u00e0 son savoir-faire et \u00e0 son leadership technologique, d\u00e9veloppe en permanence des produits et des solutions globales uniques et innovants. Notre service interne de conception de produits et la cr\u00e9ativit\u00e9 de nos collaborateurs ont fait de nous un prestataire leader dans certains secteurs d\u2019activit\u00e9.[\/vc_column_text][\/vc_column][\/vc_row][vc_row content_placement=&#8221;middle&#8221; mobile_bg_img_hidden=&#8221;no&#8221; tablet_bg_img_hidden=&#8221;no&#8221; woodmart_parallax=&#8221;0&#8243; woodmart_gradient_switch=&#8221;no&#8221; row_reverse_mobile=&#8221;0&#8243; row_reverse_tablet=&#8221;0&#8243; woodmart_disable_overflow=&#8221;0&#8243;][vc_column width=&#8221;2\/3&#8243;]\n\t\t<div id=\"wd-60b73506d054e\" class=\"title-wrapper wd-wpb set-mb-s reset-last-child  wd-rs-60b73506d054e wd-title-color-primary wd-title-style-simple text-left vc_custom_1622619409835 wd-underline-colored\">\n\t\t\t\n\t\t\t<div class=\"liner-continer\">\n\t\t\t\t<h2 class=\"woodmart-title-container title  wd-font-weight- wd-fontsize-xl\" >Douches de s\u00e9curit\u00e9<\/h2>\n\t\t\t\t\t\t\t<\/div>\n\t\t\t\n\t\t\t\n\t\t\t\n\t\t<\/div>\n\t\t\n\t\t[vc_column_text text_larger=&#8221;no&#8221;]Les rince-\u0153il et douches de s\u00e9curit\u00e9 B-SAFETY sont des dispositifs de premiers secours performants utilis\u00e9s dans les laboratoires et dans l\u2019industrie pour am\u00e9liorer la s\u00e9curit\u00e9 des processus dans les entreprises. De nombreuses grandes entreprises, mais aussi des organismes publics font confiance aux solutions de B-SAFETY pour assurer leur s\u00e9curit\u00e9.[\/vc_column_text][\/vc_column][vc_column width=&#8221;1\/3&#8243;][vc_single_image image=&#8221;10945&#8243; img_size=&#8221;full&#8221; parallax_scroll=&#8221;no&#8221;][\/vc_column][\/vc_row][vc_row content_placement=&#8221;middle&#8221; mobile_bg_img_hidden=&#8221;no&#8221; tablet_bg_img_hidden=&#8221;no&#8221; woodmart_parallax=&#8221;0&#8243; woodmart_gradient_switch=&#8221;no&#8221; row_reverse_mobile=&#8221;0&#8243; row_reverse_tablet=&#8221;0&#8243; woodmart_disable_overflow=&#8221;0&#8243;][vc_column width=&#8221;1\/3&#8243;][vc_single_image image=&#8221;1224&#8243; img_size=&#8221;full&#8221; parallax_scroll=&#8221;no&#8221;][\/vc_column][vc_column width=&#8221;2\/3&#8243;]\n\t\t<div id=\"wd-60b7356ee9e4f\" class=\"title-wrapper wd-wpb set-mb-s reset-last-child  wd-rs-60b7356ee9e4f wd-title-color-primary wd-title-style-simple text-left vc_custom_1622619505869 wd-underline-colored\">\n\t\t\t\n\t\t\t<div class=\"liner-continer\">\n\t\t\t\t<h2 class=\"woodmart-title-container title  wd-font-weight- wd-fontsize-xl\" >\u00c9clairage de s\u00e9curit\u00e9<\/h2>\n\t\t\t\t\t\t\t<\/div>\n\t\t\t\n\t\t\t\n\t\t\t\n\t\t<\/div>\n\t\t\n\t\t[vc_column_text text_larger=&#8221;no&#8221;]B-SAFETY \u00e0 savoir B-LITE \u00e9tait un des premiers fournisseurs sur le march\u00e9 allemand \u00e0 proposer des luminaires de secours \u00e0 LED. Aujourd\u2019hui, la technologie LED est un standard pour les moyens d\u2019\u00e9clairage utilis\u00e9s dans les luminaires de secours, de s\u00e9curit\u00e9 et la signalisation des issues de secours. Les luminaires de secours B-LITE sont aussi tr\u00e8s largement utilis\u00e9s dans les b\u00e2timents administratifs, dans l\u2019industrie et les organismes publics.[\/vc_column_text][\/vc_column][\/vc_row][vc_row content_placement=&#8221;middle&#8221; mobile_bg_img_hidden=&#8221;no&#8221; tablet_bg_img_hidden=&#8221;no&#8221; woodmart_parallax=&#8221;0&#8243; woodmart_gradient_switch=&#8221;no&#8221; row_reverse_mobile=&#8221;0&#8243; row_reverse_tablet=&#8221;0&#8243; woodmart_disable_overflow=&#8221;0&#8243;][vc_column width=&#8221;2\/3&#8243;]\n\t\t<div id=\"wd-60b735753d74a\" class=\"title-wrapper wd-wpb set-mb-s reset-last-child  wd-rs-60b735753d74a wd-title-color-primary wd-title-style-simple text-left vc_custom_1622619513189 wd-underline-colored\">\n\t\t\t\n\t\t\t<div class=\"liner-continer\">\n\t\t\t\t<h2 class=\"woodmart-title-container title  wd-font-weight- wd-fontsize-xl\" >S\u00e9curit\u00e9 au travail<\/h2>\n\t\t\t\t\t\t\t<\/div>\n\t\t\t\n\t\t\t\n\t\t\t\n\t\t<\/div>\n\t\t\n\t\t[vc_column_text text_larger=&#8221;no&#8221;]Les produits li\u00e9s \u00e0 la s\u00e9curit\u00e9 au travail de B-SAFETY sont \u00e9galement de plus en plus utilis\u00e9s et contribuent \u00e0 la s\u00e9curit\u00e9 dans de nombreuses entreprises. Notre gamme pour la s\u00e9curit\u00e9 au travail int\u00e8gre \u00e0 la fois des produits de grande qualit\u00e9 de fabricants renomm\u00e9s et de nombreux produits avec le label B-SAFETY. Notre offre comprend par exemple des produits EPI, des produits pour les premiers secours en entreprise, des rince-\u0153il et une large palette de produits de protection de la peau.[\/vc_column_text][\/vc_column][vc_column width=&#8221;1\/3&#8243;][vc_single_image image=&#8221;1230&#8243; img_size=&#8221;full&#8221; parallax_scroll=&#8221;no&#8221;][\/vc_column][\/vc_row]<\/p>\n<\/section>","protected":false},"excerpt":{"rendered":"<p>[vc_row mobile_bg_img_hidden=&#8221;no&#8221; tablet_bg_img_hidden=&#8221;no&#8221; woodmart_parallax=&#8221;0&#8243; woodmart_gradient_switch=&#8221;no&#8221; row_reverse_mobile=&#8221;0&#8243; row_reverse_tablet=&#8221;0&#8243; woodmart_disable_overflow=&#8221;0&#8243;][vc_column][vc_column_text css=&#8221;.vc_custom_1622619334989{margin-bottom: 3vh !important;}&#8221; text_larger=&#8221;no&#8221;]Trois secteurs d\u2019activit\u00e9s \u2013 Trois points forts ! Trois<\/p>\n","protected":false},"author":2,"featured_media":0,"parent":11564,"menu_order":3,"comment_status":"closed","ping_status":"closed","template":"","meta":{"footnotes":"","advanced-sidebar-menu\/link-title":"Trois secteurs d\u2019activit\u00e9s","advanced-sidebar-menu\/exclude-page":false},"class_list":["post-11565","page","type-page","status-publish","hentry"],"yoast_head":"<!-- This site is optimized with the Yoast SEO plugin v27.4 - https:\/\/yoast.com\/product\/yoast-seo-wordpress\/ -->\n<title>Trois secteurs d\u2019activit\u00e9s - B-SAFETY<\/title>\n<meta name=\"robots\" content=\"index, follow, max-snippet:-1, max-image-preview:large, max-video-preview:-1\" \/>\n<link rel=\"canonical\" href=\"https:\/\/www.b-safety.com\/fr\/entreprise\/trois-secteurs-dactivites\/\" \/>\n<meta property=\"og:locale\" content=\"fr_FR\" \/>\n<meta property=\"og:type\" content=\"article\" \/>\n<meta property=\"og:title\" content=\"Trois secteurs d\u2019activit\u00e9s - B-SAFETY\" \/>\n<meta property=\"og:description\" content=\"[vc_row mobile_bg_img_hidden=&#8221;no&#8221; tablet_bg_img_hidden=&#8221;no&#8221; woodmart_parallax=&#8221;0&#8243; woodmart_gradient_switch=&#8221;no&#8221; row_reverse_mobile=&#8221;0&#8243; row_reverse_tablet=&#8221;0&#8243; woodmart_disable_overflow=&#8221;0&#8243;][vc_column][vc_column_text css=&#8221;.vc_custom_1622619334989{margin-bottom: 3vh !important;}&#8221; text_larger=&#8221;no&#8221;]Trois secteurs d\u2019activit\u00e9s \u2013 Trois points forts ! Trois\" \/>\n<meta property=\"og:url\" content=\"https:\/\/www.b-safety.com\/fr\/entreprise\/trois-secteurs-dactivites\/\" \/>\n<meta property=\"og:site_name\" content=\"B-SAFETY\" \/>\n<meta property=\"article:modified_time\" content=\"2025-07-22T15:09:46+00:00\" \/>\n<meta name=\"twitter:card\" content=\"summary_large_image\" \/>\n<meta name=\"twitter:label1\" content=\"Dur\u00e9e de lecture estim\u00e9e\" \/>\n\t<meta name=\"twitter:data1\" content=\"3 minutes\" \/>\n<script type=\"application\/ld+json\" class=\"yoast-schema-graph\">{\"@context\":\"https:\\\/\\\/schema.org\",\"@graph\":[{\"@type\":\"WebPage\",\"@id\":\"https:\\\/\\\/www.b-safety.com\\\/fr\\\/entreprise\\\/trois-secteurs-dactivites\\\/\",\"url\":\"https:\\\/\\\/www.b-safety.com\\\/fr\\\/entreprise\\\/trois-secteurs-dactivites\\\/\",\"name\":\"Trois secteurs d\u2019activit\u00e9s - B-SAFETY\",\"isPartOf\":{\"@id\":\"https:\\\/\\\/www.b-safety.com\\\/#website\"},\"datePublished\":\"2022-02-17T13:58:05+00:00\",\"dateModified\":\"2025-07-22T15:09:46+00:00\",\"breadcrumb\":{\"@id\":\"https:\\\/\\\/www.b-safety.com\\\/fr\\\/entreprise\\\/trois-secteurs-dactivites\\\/#breadcrumb\"},\"inLanguage\":\"fr-FR\",\"potentialAction\":[{\"@type\":\"ReadAction\",\"target\":[\"https:\\\/\\\/www.b-safety.com\\\/fr\\\/entreprise\\\/trois-secteurs-dactivites\\\/\"]}]},{\"@type\":\"BreadcrumbList\",\"@id\":\"https:\\\/\\\/www.b-safety.com\\\/fr\\\/entreprise\\\/trois-secteurs-dactivites\\\/#breadcrumb\",\"itemListElement\":[{\"@type\":\"ListItem\",\"position\":1,\"name\":\"Startseite\",\"item\":\"https:\\\/\\\/www.b-safety.com\\\/fr\\\/\"},{\"@type\":\"ListItem\",\"position\":2,\"name\":\"Entreprise\",\"item\":\"https:\\\/\\\/www.b-safety.com\\\/fr\\\/entreprise\\\/\"},{\"@type\":\"ListItem\",\"position\":3,\"name\":\"Trois secteurs d\u2019activit\u00e9s\"}]},{\"@type\":\"WebSite\",\"@id\":\"https:\\\/\\\/www.b-safety.com\\\/#website\",\"url\":\"https:\\\/\\\/www.b-safety.com\\\/\",\"name\":\"B-SAFETY\",\"description\":\"B-SAFETY - Notduschen &amp; Augenduschen\",\"publisher\":{\"@id\":\"https:\\\/\\\/www.b-safety.com\\\/#organization\"},\"potentialAction\":[{\"@type\":\"SearchAction\",\"target\":{\"@type\":\"EntryPoint\",\"urlTemplate\":\"https:\\\/\\\/www.b-safety.com\\\/?s={search_term_string}\"},\"query-input\":{\"@type\":\"PropertyValueSpecification\",\"valueRequired\":true,\"valueName\":\"search_term_string\"}}],\"inLanguage\":\"fr-FR\"},{\"@type\":\"Organization\",\"@id\":\"https:\\\/\\\/www.b-safety.com\\\/#organization\",\"name\":\"B-SAFETY GmbH\",\"url\":\"https:\\\/\\\/www.b-safety.com\\\/\",\"logo\":{\"@type\":\"ImageObject\",\"inLanguage\":\"fr-FR\",\"@id\":\"https:\\\/\\\/www.b-safety.com\\\/#\\\/schema\\\/logo\\\/image\\\/\",\"url\":\"https:\\\/\\\/www.b-safety.com\\\/wp-content\\\/uploads\\\/Logo-B-SAFETY-2022.jpg\",\"contentUrl\":\"https:\\\/\\\/www.b-safety.com\\\/wp-content\\\/uploads\\\/Logo-B-SAFETY-2022.jpg\",\"width\":500,\"height\":106,\"caption\":\"B-SAFETY GmbH\"},\"image\":{\"@id\":\"https:\\\/\\\/www.b-safety.com\\\/#\\\/schema\\\/logo\\\/image\\\/\"}}]}<\/script>\n<!-- \/ Yoast SEO plugin. -->","yoast_head_json":{"title":"Trois secteurs d\u2019activit\u00e9s - B-SAFETY","robots":{"index":"index","follow":"follow","max-snippet":"max-snippet:-1","max-image-preview":"max-image-preview:large","max-video-preview":"max-video-preview:-1"},"canonical":"https:\/\/www.b-safety.com\/fr\/entreprise\/trois-secteurs-dactivites\/","og_locale":"fr_FR","og_type":"article","og_title":"Trois secteurs d\u2019activit\u00e9s - B-SAFETY","og_description":"[vc_row mobile_bg_img_hidden=&#8221;no&#8221; tablet_bg_img_hidden=&#8221;no&#8221; woodmart_parallax=&#8221;0&#8243; woodmart_gradient_switch=&#8221;no&#8221; row_reverse_mobile=&#8221;0&#8243; row_reverse_tablet=&#8221;0&#8243; woodmart_disable_overflow=&#8221;0&#8243;][vc_column][vc_column_text css=&#8221;.vc_custom_1622619334989{margin-bottom: 3vh !important;}&#8221; text_larger=&#8221;no&#8221;]Trois secteurs d\u2019activit\u00e9s \u2013 Trois points forts ! Trois","og_url":"https:\/\/www.b-safety.com\/fr\/entreprise\/trois-secteurs-dactivites\/","og_site_name":"B-SAFETY","article_modified_time":"2025-07-22T15:09:46+00:00","twitter_card":"summary_large_image","twitter_misc":{"Dur\u00e9e de lecture estim\u00e9e":"3 minutes"},"schema":{"@context":"https:\/\/schema.org","@graph":[{"@type":"WebPage","@id":"https:\/\/www.b-safety.com\/fr\/entreprise\/trois-secteurs-dactivites\/","url":"https:\/\/www.b-safety.com\/fr\/entreprise\/trois-secteurs-dactivites\/","name":"Trois secteurs d\u2019activit\u00e9s - B-SAFETY","isPartOf":{"@id":"https:\/\/www.b-safety.com\/#website"},"datePublished":"2022-02-17T13:58:05+00:00","dateModified":"2025-07-22T15:09:46+00:00","breadcrumb":{"@id":"https:\/\/www.b-safety.com\/fr\/entreprise\/trois-secteurs-dactivites\/#breadcrumb"},"inLanguage":"fr-FR","potentialAction":[{"@type":"ReadAction","target":["https:\/\/www.b-safety.com\/fr\/entreprise\/trois-secteurs-dactivites\/"]}]},{"@type":"BreadcrumbList","@id":"https:\/\/www.b-safety.com\/fr\/entreprise\/trois-secteurs-dactivites\/#breadcrumb","itemListElement":[{"@type":"ListItem","position":1,"name":"Startseite","item":"https:\/\/www.b-safety.com\/fr\/"},{"@type":"ListItem","position":2,"name":"Entreprise","item":"https:\/\/www.b-safety.com\/fr\/entreprise\/"},{"@type":"ListItem","position":3,"name":"Trois secteurs d\u2019activit\u00e9s"}]},{"@type":"WebSite","@id":"https:\/\/www.b-safety.com\/#website","url":"https:\/\/www.b-safety.com\/","name":"B-SAFETY","description":"B-SAFETY - Notduschen &amp; Augenduschen","publisher":{"@id":"https:\/\/www.b-safety.com\/#organization"},"potentialAction":[{"@type":"SearchAction","target":{"@type":"EntryPoint","urlTemplate":"https:\/\/www.b-safety.com\/?s={search_term_string}"},"query-input":{"@type":"PropertyValueSpecification","valueRequired":true,"valueName":"search_term_string"}}],"inLanguage":"fr-FR"},{"@type":"Organization","@id":"https:\/\/www.b-safety.com\/#organization","name":"B-SAFETY GmbH","url":"https:\/\/www.b-safety.com\/","logo":{"@type":"ImageObject","inLanguage":"fr-FR","@id":"https:\/\/www.b-safety.com\/#\/schema\/logo\/image\/","url":"https:\/\/www.b-safety.com\/wp-content\/uploads\/Logo-B-SAFETY-2022.jpg","contentUrl":"https:\/\/www.b-safety.com\/wp-content\/uploads\/Logo-B-SAFETY-2022.jpg","width":500,"height":106,"caption":"B-SAFETY GmbH"},"image":{"@id":"https:\/\/www.b-safety.com\/#\/schema\/logo\/image\/"}}]}},"_links":{"self":[{"href":"https:\/\/www.b-safety.com\/fr\/wp-json\/wp\/v2\/pages\/11565","targetHints":{"allow":["GET"]}}],"collection":[{"href":"https:\/\/www.b-safety.com\/fr\/wp-json\/wp\/v2\/pages"}],"about":[{"href":"https:\/\/www.b-safety.com\/fr\/wp-json\/wp\/v2\/types\/page"}],"author":[{"embeddable":true,"href":"https:\/\/www.b-safety.com\/fr\/wp-json\/wp\/v2\/users\/2"}],"replies":[{"embeddable":true,"href":"https:\/\/www.b-safety.com\/fr\/wp-json\/wp\/v2\/comments?post=11565"}],"version-history":[{"count":3,"href":"https:\/\/www.b-safety.com\/fr\/wp-json\/wp\/v2\/pages\/11565\/revisions"}],"predecessor-version":[{"id":11574,"href":"https:\/\/www.b-safety.com\/fr\/wp-json\/wp\/v2\/pages\/11565\/revisions\/11574"}],"up":[{"embeddable":true,"href":"https:\/\/www.b-safety.com\/fr\/wp-json\/wp\/v2\/pages\/11564"}],"wp:attachment":[{"href":"https:\/\/www.b-safety.com\/fr\/wp-json\/wp\/v2\/media?parent=11565"}],"curies":[{"name":"wp","href":"https:\/\/api.w.org\/{rel}","templated":true}]}}