{"id":11474,"date":"2022-02-17T12:27:29","date_gmt":"2022-02-17T11:27:29","guid":{"rendered":"http:\/\/dev.b-safety.com\/contact\/formulaire-de-contact\/"},"modified":"2022-06-07T11:21:02","modified_gmt":"2022-06-07T09:21:02","slug":"formulaire-de-contact","status":"publish","type":"page","link":"https:\/\/www.b-safety.com\/fr\/contact\/formulaire-de-contact\/","title":{"rendered":"Formulaire de contact"},"content":{"rendered":"<section class=\"wpb-content-wrapper\"><p>[vc_row][vc_column]\n\t\t<div id=\"wd-5fd2b0d08fe97\" class=\"title-wrapper wd-wpb set-mb-s reset-last-child  wd-rs-5fd2b0d08fe97 wd-title-color-primary wd-title-style-simple text-left  wd-underline-colored\">\n\t\t\t\t\t\t\t<div class=\"title-subtitle  subtitle-color-primary font-default subtitle-style-default wd-font-weight- wd-fontsize-xs\">B-SAFETY SUPPORT<\/div>\n\t\t\t\n\t\t\t<div class=\"liner-continer\">\n\t\t\t\t<h2 class=\"woodmart-title-container title  wd-font-weight- wd-fontsize-l\" >Vous avez des demandes ?<\/h2>\n\t\t\t\t\t\t\t<\/div>\n\t\t\t\n\t\t\t\t\t\t\t<div class=\"title-after_title  set-cont-mb-s reset-last-child  wd-fontsize-xs\">Nous nous r\u00e9jouissons de votre message et vous contacterons dans les plus brefs d\u00e9lais.<\/div>\n\t\t\t\n\t\t\t\n\t\t<\/div>\n\t\t\n\t\t[vc_column_text text_larger=&#8221;no&#8221; woodmart_inline=&#8221;no&#8221;]<\/p>\n\t\t\t<link rel=\"stylesheet\" property=\"stylesheet\" href=\"https:\/\/www.b-safety.com\/wp-content\/plugins\/happyforms-upgrade\/bundles\/css\/frontend.css\" \/>\n\t\t\t\t<!-- HappyForms CSS variables -->\n\t<style>\n\t#happyforms-20626 {\n\t\t--happyforms-part-title-font-size: 16px;\n--happyforms-part-description-font-size: 12px;\n--happyforms-part-value-font-size: 16px;\n--happyforms-submit-button-font-size: 16px;\n--happyforms-color-primary: #54bc52;\n--happyforms-color-success-notice: #ebf9f0;\n--happyforms-color-success-notice-text: #54bc52;\n--happyforms-color-error: #f23000;\n--happyforms-color-error-notice: #ffeeea;\n--happyforms-color-error-notice-text: #f23000;\n--happyforms-color-part-title: #000000;\n--happyforms-color-part-value: #000000;\n--happyforms-color-part-placeholder: #888888;\n--happyforms-color-part-description: #454545;\n--happyforms-color-part-border: #dbdbdb;\n--happyforms-color-part-border-focus: #54bc52;\n--happyforms-color-part-background: #ffffff;\n--happyforms-color-part-background-focus: #ffffff;\n--happyforms-color-submit-background: #54bc52;\n--happyforms-color-submit-background-hover: #54bc52;\n--happyforms-color-submit-border: transparent;\n--happyforms-color-submit-text: #ffffff;\n--happyforms-color-submit-text-hover: #ffffff;\n--happyforms-color-table-row-odd: #fcfcfc;\n--happyforms-color-table-row-even: #efefef;\n--happyforms-color-table-row-odd-text: #000000;\n--happyforms-color-table-row-even-text: #000000;\n--happyforms-color-dropdown-item-bg: #ffffff;\n--happyforms-color-dropdown-item-text: #000000;\n--happyforms-color-dropdown-item-bg-hover: #f4f4f5;\n--happyforms-color-dropdown-item-text-hover: #000000;\n--happyforms-color-divider-hr: #cccccc;\n--happyforms-color-choice-checkmark-bg: #ffffff;\n--happyforms-color-choice-checkmark-bg-focus: #000000;\n--happyforms-color-choice-checkmark-color: #ffffff;\n--happyforms-color-rating: #cccccc;\n--happyforms-color-rating-hover: #000000;\n--happyforms-color-multistep-info-text-color: #000000;\n--happyforms-color-multistep-info-back-color: #000000;\n--happyforms-color-multistep-info-back-color-hover: #000000;\n--happyforms-poll-bar-color: #e8e8e8;\n--happyforms-poll-link-color: #000000;\n--happyforms-poll-winner-color: #000000;\n\t}\n\t<\/style>\n\t<!-- End of HappyForms CSS variables -->\n\t\t<!-- HappyForms Additional CSS -->\n\t<style data-happyforms-additional-css>\n\t\t<\/style>\n\t<!-- End of HappyForms Additional CSS -->\n\t\t\t<link rel=\"stylesheet\" type=\"text\/css\" href=\"https:\/\/www.b-safety.com\/wp-content\/plugins\/happyforms-upgrade\/core\/assets\/css\/no-interaction.css\">\n\t\t<div class=\"happyforms-form happyforms-styles happyforms-form--part-border-radius-square\" id=\"happyforms-20626\">\n\t\t\n\t<form action=\"\" id=\"happyforms-form-20626\" method=\"post\" novalidate=\"true\" autocomplete=\"off\">\n\t\t\t\t<input type=\"hidden\" name=\"happyforms_random_seed\" value=\"3974473750\" \/>\n\t\t\n\t\t\t<input type=\"hidden\" name=\"action\" value=\"happyforms_message\">\n\t\t\t\t<input type=\"hidden\" name=\"client_referer\" value=\"\">\n\t\t\t\t<input type=\"hidden\" name=\"current_post_id\" value=\"\">\n\t\t\t\t<input type=\"hidden\" name=\"happyforms_form_id\" value=\"20626\" \/>\n\t\t\t\t<input type=\"hidden\" name=\"happyforms_step\" value=\"0\" \/>\n\t\n\t\t<div class=\"happyforms-flex\">\n\t\t\t\t<label for=\"20626-number\" class=\"screen-reader-text\">Leave this field blank<\/label>\n\t<input type=\"text\" id=\"20626-number\" name=\"20626-number\" style=\"display: none;\" tabindex=\"-1\" autocomplete=\"off\" aria-hidden=\"true\">\n\t\t\t\t\t\t\t\t\t\t<div class=\"happyforms-form__part happyforms-part happyforms-part--single_line_text happyforms-part--width-half happyforms-part--label-show\" id=\"happyforms-20626_single_line_text_14-part\" data-happyforms-type=\"single_line_text\" data-happyforms-id=\"single_line_text_14\" data-happyforms-required=\"\">\n\t<div class=\"happyforms-part-wrap\">\n\t\t\n\t\t\t\t\t\t<div class=\"happyforms-part__label-container\">\n\t\t\t\t<label for=\"happyforms-20626_single_line_text_14\" class=\"happyforms-part__label\">\n\t\t\t<span class=\"label\">Pr\u00e9nom<\/span>\n\t\t\t\t\t\t\t\t\t\t<span class=\"happyforms-required\"><\/span>\n\t\t\t\t\t\t\t\t\t\t<span class=\"happyforms-optional\">(facultatif)<\/span>\n\t\t\t\t\t<\/label>\n\t\t\t<\/div>\n\t\t\t\n\t\t\n\t\t<div class=\"happyforms-part__el\">\n\t\t\t\n\t\t\t\n\t\t\t<div class=\"happyforms-input\">\n\t\t\t\t\n\t\t\t\t<input id=\"happyforms-20626_single_line_text_14\" type=\"text\" name=\"20626_single_line_text_14\" value=\"\" placeholder=\"\" autocomplete=\"off\" spellcheck=\"false\"  autocorrect=\"off\" \/>\n\t\t\t\t\t\t\t<\/div>\n\n\t\t\t\n\t\t\t\n\t\t\t\t\t<\/div>\n\t<\/div>\n<\/div>\n<div class=\"happyforms-form__part happyforms-part happyforms-part--single_line_text happyforms-part--width-half happyforms-part--label-show\" id=\"happyforms-20626_single_line_text_0-part\" data-happyforms-type=\"single_line_text\" data-happyforms-id=\"single_line_text_0\" data-happyforms-required=\"\">\n\t<div class=\"happyforms-part-wrap\">\n\t\t\n\t\t\t\t\t\t<div class=\"happyforms-part__label-container\">\n\t\t\t\t<label for=\"happyforms-20626_single_line_text_0\" class=\"happyforms-part__label\">\n\t\t\t<span class=\"label\">Nom de famille<\/span>\n\t\t\t\t\t\t\t\t\t\t<span class=\"happyforms-required\"><\/span>\n\t\t\t\t\t\t\t\t\t\t<span class=\"happyforms-optional\">(facultatif)<\/span>\n\t\t\t\t\t<\/label>\n\t\t\t<\/div>\n\t\t\t\n\t\t\n\t\t<div class=\"happyforms-part__el\">\n\t\t\t\n\t\t\t\n\t\t\t<div class=\"happyforms-input\">\n\t\t\t\t\n\t\t\t\t<input id=\"happyforms-20626_single_line_text_0\" type=\"text\" name=\"20626_single_line_text_0\" value=\"\" placeholder=\"\" autocomplete=\"off\" spellcheck=\"false\"  autocorrect=\"off\" \/>\n\t\t\t\t\t\t\t<\/div>\n\n\t\t\t\n\t\t\t\n\t\t\t\t\t<\/div>\n\t<\/div>\n<\/div>\n<div class=\"happyforms-form__part happyforms-part happyforms-part--single_line_text happyforms-part--width-half happyforms-part--label-show\" id=\"happyforms-20626_single_line_text_3-part\" data-happyforms-type=\"single_line_text\" data-happyforms-id=\"single_line_text_3\" data-happyforms-required=\"\">\n\t<div class=\"happyforms-part-wrap\">\n\t\t\n\t\t\t\t\t\t<div class=\"happyforms-part__label-container\">\n\t\t\t\t<label for=\"happyforms-20626_single_line_text_3\" class=\"happyforms-part__label\">\n\t\t\t<span class=\"label\">Nom de la soci\u00e9t\u00e9<\/span>\n\t\t\t\t\t\t\t\t\t\t<span class=\"happyforms-required\"><\/span>\n\t\t\t\t\t\t\t\t\t\t<span class=\"happyforms-optional\">(facultatif)<\/span>\n\t\t\t\t\t<\/label>\n\t\t\t<\/div>\n\t\t\t\n\t\t\n\t\t<div class=\"happyforms-part__el\">\n\t\t\t\n\t\t\t\n\t\t\t<div class=\"happyforms-input\">\n\t\t\t\t\n\t\t\t\t<input id=\"happyforms-20626_single_line_text_3\" type=\"text\" name=\"20626_single_line_text_3\" value=\"\" placeholder=\"\" autocomplete=\"off\" spellcheck=\"false\"  autocorrect=\"off\" \/>\n\t\t\t\t\t\t\t<\/div>\n\n\t\t\t\n\t\t\t\n\t\t\t\t\t<\/div>\n\t<\/div>\n<\/div>\n<div class=\"happyforms-form__part happyforms-part happyforms-part--phone happyforms-part--width-half happyforms-part--label-show happyforms-phone--plain\" id=\"happyforms-20626_phone_9-part\" data-happyforms-type=\"phone\" data-happyforms-id=\"phone_9\" data-happyforms-required=\"\">\n\t<div class=\"happyforms-part-wrap\">\n\t\t\t\t\t\t<div class=\"happyforms-part__label-container\">\n\t\t\t\t<label for=\"happyforms-20626_phone_9\" class=\"happyforms-part__label\">\n\t\t\t<span class=\"label\">T\u00e9l\u00e9phone<\/span>\n\t\t\t\t\t\t\t\t\t\t<span class=\"happyforms-required\"><\/span>\n\t\t\t\t\t\t\t\t\t\t<span class=\"happyforms-optional\">(facultatif)<\/span>\n\t\t\t\t\t<\/label>\n\t\t\t<\/div>\n\t\t\t\n\t\t\n\t\t<div class=\"happyforms-part__el\">\n\t\t\t<div class=\"happyforms-part-phone-wrap\">\n\n\t\t\t\t\n\t\t\t\t\n\t\t\t\t<div class=\"happyforms-input\">\n\t\t\t\t\t\t\t\t\t\t<input id=\"happyforms-20626_phone_9\" type=\"tel\" value=\"\" name=\"20626_phone_9[number]\" placeholder=\"\" autocomplete=\"off\" spellcheck=\"false\" \/>\n\t\t\t\t\t\t\t\t\t<\/div>\n\n\t\t\t\t\t\t\t<\/div>\n\n\t\t\t\t\t<\/div>\n\t<\/div>\n<\/div>\n<div class=\"happyforms-form__part happyforms-part happyforms-part--single_line_text happyforms-part--width-half happyforms-part--label-show\" id=\"happyforms-20626_single_line_text_11-part\" data-happyforms-type=\"single_line_text\" data-happyforms-id=\"single_line_text_11\" data-happyforms-required=\"\">\n\t<div class=\"happyforms-part-wrap\">\n\t\t\n\t\t\t\t\t\t<div class=\"happyforms-part__label-container\">\n\t\t\t\t<label for=\"happyforms-20626_single_line_text_11\" class=\"happyforms-part__label\">\n\t\t\t<span class=\"label\">Rue \/ N\u00b0 de rue<\/span>\n\t\t\t\t\t\t\t\t\t\t<span class=\"happyforms-required\"><\/span>\n\t\t\t\t\t\t\t\t\t\t<span class=\"happyforms-optional\">(facultatif)<\/span>\n\t\t\t\t\t<\/label>\n\t\t\t<\/div>\n\t\t\t\n\t\t\n\t\t<div class=\"happyforms-part__el\">\n\t\t\t\n\t\t\t\n\t\t\t<div class=\"happyforms-input\">\n\t\t\t\t\n\t\t\t\t<input id=\"happyforms-20626_single_line_text_11\" type=\"text\" name=\"20626_single_line_text_11\" value=\"\" placeholder=\"\" autocomplete=\"off\" spellcheck=\"false\"  autocorrect=\"off\" \/>\n\t\t\t\t\t\t\t<\/div>\n\n\t\t\t\n\t\t\t\n\t\t\t\t\t<\/div>\n\t<\/div>\n<\/div>\n<div class=\"happyforms-form__part happyforms-part happyforms-part--single_line_text happyforms-part--width-half happyforms-part--label-show\" id=\"happyforms-20626_single_line_text_12-part\" data-happyforms-type=\"single_line_text\" data-happyforms-id=\"single_line_text_12\" data-happyforms-required=\"\">\n\t<div class=\"happyforms-part-wrap\">\n\t\t\n\t\t\t\t\t\t<div class=\"happyforms-part__label-container\">\n\t\t\t\t<label for=\"happyforms-20626_single_line_text_12\" class=\"happyforms-part__label\">\n\t\t\t<span class=\"label\">Code postal \/ Lieu<\/span>\n\t\t\t\t\t\t\t\t\t\t<span class=\"happyforms-required\"><\/span>\n\t\t\t\t\t\t\t\t\t\t<span class=\"happyforms-optional\">(facultatif)<\/span>\n\t\t\t\t\t<\/label>\n\t\t\t<\/div>\n\t\t\t\n\t\t\n\t\t<div class=\"happyforms-part__el\">\n\t\t\t\n\t\t\t\n\t\t\t<div class=\"happyforms-input\">\n\t\t\t\t\n\t\t\t\t<input id=\"happyforms-20626_single_line_text_12\" type=\"text\" name=\"20626_single_line_text_12\" value=\"\" placeholder=\"\" autocomplete=\"off\" spellcheck=\"false\"  autocorrect=\"off\" \/>\n\t\t\t\t\t\t\t<\/div>\n\n\t\t\t\n\t\t\t\n\t\t\t\t\t<\/div>\n\t<\/div>\n<\/div>\n<div class=\"happyforms-part--with-autocomplete happyforms-form__part happyforms-part happyforms-part--email happyforms-part--width-half happyforms-part--label-show\" id=\"happyforms-20626_email_1-part\" data-happyforms-type=\"email\" data-happyforms-id=\"email_1\" data-happyforms-required=\"\">\n\t\t<div class=\"happyforms-part-wrap\">\n\t\t\t\t\t\t<div class=\"happyforms-part__label-container\">\n\t\t\t\t<label for=\"happyforms-20626_email_1\" class=\"happyforms-part__label\">\n\t\t\t<span class=\"label\">E-Mail<\/span>\n\t\t\t\t\t\t\t\t\t\t<span class=\"happyforms-required\"><\/span>\n\t\t\t\t\t\t\t\t\t\t<span class=\"happyforms-optional\">(facultatif)<\/span>\n\t\t\t\t\t<\/label>\n\t\t\t<\/div>\n\t\t\t\n\t\t\n\t\t<div class=\"happyforms-part__el\">\n\t\t\t\n\t\t\t\n\t\t\t<div class=\"happyforms-input\">\n\t\t\t\t<input type=\"email\" name=\"20626_email_1\" id=\"happyforms-20626_email_1\" value=\"\" placeholder=\"\" autocomplete=\"off\" spellcheck=\"false\"  autocorrect=\"off\" \/>\n\t\t\t\t\t\t\t<\/div>\n\n\t\t\t\n\t\t\t\n\t\t\t\t\t<\/div>\n\t<\/div>\n<\/div>\n<div class=\"happyforms-part--choice display-type--block happyforms-form__part happyforms-part happyforms-part--checkbox happyforms-part--width-full happyforms-part--label-hidden\" id=\"happyforms-20626_checkbox_8-part\" data-happyforms-type=\"checkbox\" data-happyforms-id=\"checkbox_8\" data-happyforms-required=\"\">\n\t<div class=\"happyforms-part-wrap\">\n\t\t\t<div class=\"happyforms-part__label-container\">\n\t\t\t<\/div>\n\t\n\t\t\n\t\t\n\t\t<div class=\"happyforms-part__el\">\n\t\t\t\n\t\t\t\t\t\t\t\t\t\t<div class=\"happyforms-part__option happyforms-part-option\" id=\"checkbox_8_0\">\n\t\t\t\t<label class=\"option-label\">\n\t\t\t\t\t<input type=\"checkbox\" class=\"happyforms-visuallyhidden happyforms-checkbox\" name=\"20626_checkbox_8[]\" value=\"0\" data-serialize  autocomplete=\"off\" spellcheck=\"false\"  >\n\t\t\t\t\t<span class=\"checkmark\"><svg xmlns=\"http:\/\/www.w3.org\/2000\/svg\" width=\"12\" height=\"12\" viewBox=\"0 0 24 24\"><path fill=\"currentColor\" d=\"M20.285 2l-11.285 11.567-5.286-5.011-3.714 3.716 9 8.728 15-15.285z\"\/><\/svg><\/span>\n\t\t\t\t\t<span class=\"label-wrap\">\n\t\t\t\t\t\t<span class=\"label\">J&#039;accepte que mes donn\u00e9es soient stock\u00e9es et trait\u00e9es par ce site web.<\/span>\t\t\t\t\t<\/span>\n\t\t\t\t<\/label>\n\t\t\t\t\t\t\t<\/div>\n\t\t\t\n\t\t\t\n\t\t\t\t\t<\/div>\n\t<\/div>\n<\/div>\n<div class=\"happyforms-part--choice display-type--block happyforms-form__part happyforms-part happyforms-part--checkbox happyforms-part--width-full happyforms-part--label-hidden\" id=\"happyforms-20626_checkbox_13-part\" data-happyforms-type=\"checkbox\" data-happyforms-id=\"checkbox_13\">\n\t<div class=\"happyforms-part-wrap\">\n\t\t\t<div class=\"happyforms-part__label-container\">\n\t\t\t<\/div>\n\t\n\t\t\n\t\t\n\t\t<div class=\"happyforms-part__el\">\n\t\t\t\n\t\t\t\t\t\t\t\t\t\t<div class=\"happyforms-part__option happyforms-part-option\" id=\"checkbox_13_option_1676460288470\">\n\t\t\t\t<label class=\"option-label\">\n\t\t\t\t\t<input type=\"checkbox\" class=\"happyforms-visuallyhidden happyforms-checkbox\" name=\"20626_checkbox_13[]\" value=\"0\" data-serialize  autocomplete=\"off\" spellcheck=\"false\"  >\n\t\t\t\t\t<span class=\"checkmark\"><svg xmlns=\"http:\/\/www.w3.org\/2000\/svg\" width=\"12\" height=\"12\" viewBox=\"0 0 24 24\"><path fill=\"currentColor\" d=\"M20.285 2l-11.285 11.567-5.286-5.011-3.714 3.716 9 8.728 15-15.285z\"\/><\/svg><\/span>\n\t\t\t\t\t<span class=\"label-wrap\">\n\t\t\t\t\t\t<span class=\"label\">Par la pr\u00e9sente, j&#039;accepte de recevoir les B-SAFETY NEWS. Je sais que je peux r\u00e9silier le service \u00e0 tout moment.<\/span>\t\t\t\t\t<\/span>\n\t\t\t\t<\/label>\n\t\t\t\t\t\t\t<\/div>\n\t\t\t\n\t\t\t\n\t\t\t\t\t<\/div>\n\t<\/div>\n<\/div>\n<div class=\"happyforms-form__part happyforms-part happyforms-part--multi_line_text happyforms-part--width-full happyforms-part--label-show\" id=\"happyforms-20626_multi_line_text_5-part\" data-happyforms-type=\"multi_line_text\" data-happyforms-id=\"multi_line_text_5\">\n\t<div class=\"happyforms-part-wrap\">\n\t\t\t\t\t\t<div class=\"happyforms-part__label-container\">\n\t\t\t\t<label for=\"happyforms-20626_multi_line_text_5\" class=\"happyforms-part__label\">\n\t\t\t<span class=\"label\">Message<\/span>\n\t\t\t\t\t\t\t\t\t\t<span class=\"happyforms-required\"><\/span>\n\t\t\t\t\t\t\t\t\t\t<span class=\"happyforms-optional\">(facultatif)<\/span>\n\t\t\t\t\t<\/label>\n\t\t\t<\/div>\n\t\t\t\n\t\t\n\t\t<div class=\"happyforms-part__el\">\n\t\t\t\n\t\t\t\t\t\t<textarea id=\"happyforms-20626_multi_line_text_5\" name=\"20626_multi_line_text_5\" rows=\"5\" placeholder=\"\" autocomplete=\"off\" spellcheck=\"false\" autocorrect=\"off\" ><\/textarea>\n\t\t\t\n\t\t\t\n\t\t\t\t\t<\/div>\n\t<\/div>\n<\/div>\n\t\t\t\t<div class=\"happyforms-form__part happyforms-part happyforms-part--recaptcha happyforms-recaptcha-v3\" data-sitekey=\"6LejDM4eAAAAABgF5JmVLmezBZY4psulg1HI5IGr\" data-happyforms-type=\"recaptcha_v3\" data-theme=\"\">\n\t\t\t\t<div class=\"happyforms-part-wrap\" id=\"happyforms-20626-recaptcha\"><\/div>\n\n\t\t\t<\/div>\n\t\t\t\t<div class=\"happyforms-form__part happyforms-part happyforms-part--submit\">\n\t\t<button type=\"submit\" class=\"happyforms-submit happyforms-button--submit \">Prenez contact avec nous<\/button>\n\t<\/div>\t\t<\/div>\n\n\t\t\t<\/form>\n\n\t<\/div>\n\n<p>[\/vc_column_text][\/vc_column][\/vc_row][vc_row][vc_column][vc_raw_html]PGlmcmFtZSB3aWR0aD0iMTkyMCIgaGVpZ2h0PSI0MDAiIGZyYW1lYm9yZGVyPSIwIiBzY3JvbGxpbmc9Im5vIiBtYXJnaW5oZWlnaHQ9IjAiIG1hcmdpbndpZHRoPSIwIiBpZD0iZ21hcF9jYW52YXMiIHNyYz0iaHR0cHM6Ly9tYXBzLmdvb2dsZS5jb20vbWFwcz93aWR0aD0xOTIwJmFtcDtoZWlnaHQ9NDAwJmFtcDtobD1lbiZhbXA7cT1Pc3RzdHJhJUMzJTlGZSUyMDg1JTIwTm9yZGVyc3RlZHQrKEItU0FGRVRZKSZhbXA7dD0mYW1wO3o9MTEmYW1wO2llPVVURjgmYW1wO2l3bG9jPUImYW1wO291dHB1dD1lbWJlZCI+PC9pZnJhbWU+[\/vc_raw_html][\/vc_column][\/vc_row]<\/p>\n<\/section>","protected":false},"excerpt":{"rendered":"<p>[vc_row][vc_column][vc_column_text text_larger=&#8221;no&#8221; woodmart_inline=&#8221;no&#8221;] [\/vc_column_text][\/vc_column][\/vc_row][vc_row][vc_column][vc_raw_html]PGlmcmFtZSB3aWR0aD0iMTkyMCIgaGVpZ2h0PSI0MDAiIGZyYW1lYm9yZGVyPSIwIiBzY3JvbGxpbmc9Im5vIiBtYXJnaW5oZWlnaHQ9IjAiIG1hcmdpbndpZHRoPSIwIiBpZD0iZ21hcF9jYW52YXMiIHNyYz0iaHR0cHM6Ly9tYXBzLmdvb2dsZS5jb20vbWFwcz93aWR0aD0xOTIwJmFtcDtoZWlnaHQ9NDAwJmFtcDtobD1lbiZhbXA7cT1Pc3RzdHJhJUMzJTlGZSUyMDg1JTIwTm9yZGVyc3RlZHQrKEItU0FGRVRZKSZhbXA7dD0mYW1wO3o9MTEmYW1wO2llPVVURjgmYW1wO2l3bG9jPUImYW1wO291dHB1dD1lbWJlZCI+PC9pZnJhbWU+[\/vc_raw_html][\/vc_column][\/vc_row]<\/p>\n","protected":false},"author":2,"featured_media":0,"parent":5393,"menu_order":1,"comment_status":"closed","ping_status":"closed","template":"","meta":{"footnotes":"","advanced-sidebar-menu\/link-title":"","advanced-sidebar-menu\/exclude-page":false},"class_list":["post-11474","page","type-page","status-publish","hentry"],"yoast_head":"<!-- This site is optimized with the Yoast SEO plugin v27.4 - https:\/\/yoast.com\/product\/yoast-seo-wordpress\/ -->\n<title>Formulaire de contact - B-SAFETY<\/title>\n<meta name=\"robots\" content=\"index, follow, max-snippet:-1, max-image-preview:large, max-video-preview:-1\" \/>\n<link rel=\"canonical\" href=\"https:\/\/www.b-safety.com\/fr\/contact\/formulaire-de-contact\/\" \/>\n<meta property=\"og:locale\" content=\"fr_FR\" \/>\n<meta property=\"og:type\" content=\"article\" \/>\n<meta property=\"og:title\" content=\"Formulaire de contact - B-SAFETY\" \/>\n<meta property=\"og:description\" content=\"[vc_row][vc_column][vc_column_text text_larger=&#8221;no&#8221; woodmart_inline=&#8221;no&#8221;] [\/vc_column_text][\/vc_column][\/vc_row][vc_row][vc_column][vc_raw_html]PGlmcmFtZSB3aWR0aD0iMTkyMCIgaGVpZ2h0PSI0MDAiIGZyYW1lYm9yZGVyPSIwIiBzY3JvbGxpbmc9Im5vIiBtYXJnaW5oZWlnaHQ9IjAiIG1hcmdpbndpZHRoPSIwIiBpZD0iZ21hcF9jYW52YXMiIHNyYz0iaHR0cHM6Ly9tYXBzLmdvb2dsZS5jb20vbWFwcz93aWR0aD0xOTIwJmFtcDtoZWlnaHQ9NDAwJmFtcDtobD1lbiZhbXA7cT1Pc3RzdHJhJUMzJTlGZSUyMDg1JTIwTm9yZGVyc3RlZHQrKEItU0FGRVRZKSZhbXA7dD0mYW1wO3o9MTEmYW1wO2llPVVURjgmYW1wO2l3bG9jPUImYW1wO291dHB1dD1lbWJlZCI+PC9pZnJhbWU+[\/vc_raw_html][\/vc_column][\/vc_row]\" \/>\n<meta property=\"og:url\" content=\"https:\/\/www.b-safety.com\/fr\/contact\/formulaire-de-contact\/\" \/>\n<meta property=\"og:site_name\" content=\"B-SAFETY\" \/>\n<meta property=\"article:modified_time\" content=\"2022-06-07T09:21:02+00:00\" \/>\n<meta name=\"twitter:card\" content=\"summary_large_image\" \/>\n<meta name=\"twitter:label1\" content=\"Dur\u00e9e de lecture estim\u00e9e\" \/>\n\t<meta name=\"twitter:data1\" content=\"1 minute\" \/>\n<script type=\"application\/ld+json\" class=\"yoast-schema-graph\">{\"@context\":\"https:\\\/\\\/schema.org\",\"@graph\":[{\"@type\":\"WebPage\",\"@id\":\"https:\\\/\\\/www.b-safety.com\\\/fr\\\/contact\\\/formulaire-de-contact\\\/\",\"url\":\"https:\\\/\\\/www.b-safety.com\\\/fr\\\/contact\\\/formulaire-de-contact\\\/\",\"name\":\"Formulaire de contact - B-SAFETY\",\"isPartOf\":{\"@id\":\"https:\\\/\\\/www.b-safety.com\\\/#website\"},\"datePublished\":\"2022-02-17T11:27:29+00:00\",\"dateModified\":\"2022-06-07T09:21:02+00:00\",\"breadcrumb\":{\"@id\":\"https:\\\/\\\/www.b-safety.com\\\/fr\\\/contact\\\/formulaire-de-contact\\\/#breadcrumb\"},\"inLanguage\":\"fr-FR\",\"potentialAction\":[{\"@type\":\"ReadAction\",\"target\":[\"https:\\\/\\\/www.b-safety.com\\\/fr\\\/contact\\\/formulaire-de-contact\\\/\"]}]},{\"@type\":\"BreadcrumbList\",\"@id\":\"https:\\\/\\\/www.b-safety.com\\\/fr\\\/contact\\\/formulaire-de-contact\\\/#breadcrumb\",\"itemListElement\":[{\"@type\":\"ListItem\",\"position\":1,\"name\":\"Startseite\",\"item\":\"https:\\\/\\\/www.b-safety.com\\\/fr\\\/\"},{\"@type\":\"ListItem\",\"position\":2,\"name\":\"Contact\",\"item\":\"https:\\\/\\\/www.b-safety.com\\\/fr\\\/contact\\\/\"},{\"@type\":\"ListItem\",\"position\":3,\"name\":\"Formulaire de contact\"}]},{\"@type\":\"WebSite\",\"@id\":\"https:\\\/\\\/www.b-safety.com\\\/#website\",\"url\":\"https:\\\/\\\/www.b-safety.com\\\/\",\"name\":\"B-SAFETY\",\"description\":\"B-SAFETY - Notduschen &amp; Augenduschen\",\"publisher\":{\"@id\":\"https:\\\/\\\/www.b-safety.com\\\/#organization\"},\"potentialAction\":[{\"@type\":\"SearchAction\",\"target\":{\"@type\":\"EntryPoint\",\"urlTemplate\":\"https:\\\/\\\/www.b-safety.com\\\/?s={search_term_string}\"},\"query-input\":{\"@type\":\"PropertyValueSpecification\",\"valueRequired\":true,\"valueName\":\"search_term_string\"}}],\"inLanguage\":\"fr-FR\"},{\"@type\":\"Organization\",\"@id\":\"https:\\\/\\\/www.b-safety.com\\\/#organization\",\"name\":\"B-SAFETY GmbH\",\"url\":\"https:\\\/\\\/www.b-safety.com\\\/\",\"logo\":{\"@type\":\"ImageObject\",\"inLanguage\":\"fr-FR\",\"@id\":\"https:\\\/\\\/www.b-safety.com\\\/#\\\/schema\\\/logo\\\/image\\\/\",\"url\":\"https:\\\/\\\/www.b-safety.com\\\/wp-content\\\/uploads\\\/Logo-B-SAFETY-2022.jpg\",\"contentUrl\":\"https:\\\/\\\/www.b-safety.com\\\/wp-content\\\/uploads\\\/Logo-B-SAFETY-2022.jpg\",\"width\":500,\"height\":106,\"caption\":\"B-SAFETY GmbH\"},\"image\":{\"@id\":\"https:\\\/\\\/www.b-safety.com\\\/#\\\/schema\\\/logo\\\/image\\\/\"}}]}<\/script>\n<!-- \/ Yoast SEO plugin. -->","yoast_head_json":{"title":"Formulaire de contact - B-SAFETY","robots":{"index":"index","follow":"follow","max-snippet":"max-snippet:-1","max-image-preview":"max-image-preview:large","max-video-preview":"max-video-preview:-1"},"canonical":"https:\/\/www.b-safety.com\/fr\/contact\/formulaire-de-contact\/","og_locale":"fr_FR","og_type":"article","og_title":"Formulaire de contact - B-SAFETY","og_description":"[vc_row][vc_column][vc_column_text text_larger=&#8221;no&#8221; woodmart_inline=&#8221;no&#8221;] [\/vc_column_text][\/vc_column][\/vc_row][vc_row][vc_column][vc_raw_html]PGlmcmFtZSB3aWR0aD0iMTkyMCIgaGVpZ2h0PSI0MDAiIGZyYW1lYm9yZGVyPSIwIiBzY3JvbGxpbmc9Im5vIiBtYXJnaW5oZWlnaHQ9IjAiIG1hcmdpbndpZHRoPSIwIiBpZD0iZ21hcF9jYW52YXMiIHNyYz0iaHR0cHM6Ly9tYXBzLmdvb2dsZS5jb20vbWFwcz93aWR0aD0xOTIwJmFtcDtoZWlnaHQ9NDAwJmFtcDtobD1lbiZhbXA7cT1Pc3RzdHJhJUMzJTlGZSUyMDg1JTIwTm9yZGVyc3RlZHQrKEItU0FGRVRZKSZhbXA7dD0mYW1wO3o9MTEmYW1wO2llPVVURjgmYW1wO2l3bG9jPUImYW1wO291dHB1dD1lbWJlZCI+PC9pZnJhbWU+[\/vc_raw_html][\/vc_column][\/vc_row]","og_url":"https:\/\/www.b-safety.com\/fr\/contact\/formulaire-de-contact\/","og_site_name":"B-SAFETY","article_modified_time":"2022-06-07T09:21:02+00:00","twitter_card":"summary_large_image","twitter_misc":{"Dur\u00e9e de lecture estim\u00e9e":"1 minute"},"schema":{"@context":"https:\/\/schema.org","@graph":[{"@type":"WebPage","@id":"https:\/\/www.b-safety.com\/fr\/contact\/formulaire-de-contact\/","url":"https:\/\/www.b-safety.com\/fr\/contact\/formulaire-de-contact\/","name":"Formulaire de contact - B-SAFETY","isPartOf":{"@id":"https:\/\/www.b-safety.com\/#website"},"datePublished":"2022-02-17T11:27:29+00:00","dateModified":"2022-06-07T09:21:02+00:00","breadcrumb":{"@id":"https:\/\/www.b-safety.com\/fr\/contact\/formulaire-de-contact\/#breadcrumb"},"inLanguage":"fr-FR","potentialAction":[{"@type":"ReadAction","target":["https:\/\/www.b-safety.com\/fr\/contact\/formulaire-de-contact\/"]}]},{"@type":"BreadcrumbList","@id":"https:\/\/www.b-safety.com\/fr\/contact\/formulaire-de-contact\/#breadcrumb","itemListElement":[{"@type":"ListItem","position":1,"name":"Startseite","item":"https:\/\/www.b-safety.com\/fr\/"},{"@type":"ListItem","position":2,"name":"Contact","item":"https:\/\/www.b-safety.com\/fr\/contact\/"},{"@type":"ListItem","position":3,"name":"Formulaire de contact"}]},{"@type":"WebSite","@id":"https:\/\/www.b-safety.com\/#website","url":"https:\/\/www.b-safety.com\/","name":"B-SAFETY","description":"B-SAFETY - Notduschen &amp; Augenduschen","publisher":{"@id":"https:\/\/www.b-safety.com\/#organization"},"potentialAction":[{"@type":"SearchAction","target":{"@type":"EntryPoint","urlTemplate":"https:\/\/www.b-safety.com\/?s={search_term_string}"},"query-input":{"@type":"PropertyValueSpecification","valueRequired":true,"valueName":"search_term_string"}}],"inLanguage":"fr-FR"},{"@type":"Organization","@id":"https:\/\/www.b-safety.com\/#organization","name":"B-SAFETY GmbH","url":"https:\/\/www.b-safety.com\/","logo":{"@type":"ImageObject","inLanguage":"fr-FR","@id":"https:\/\/www.b-safety.com\/#\/schema\/logo\/image\/","url":"https:\/\/www.b-safety.com\/wp-content\/uploads\/Logo-B-SAFETY-2022.jpg","contentUrl":"https:\/\/www.b-safety.com\/wp-content\/uploads\/Logo-B-SAFETY-2022.jpg","width":500,"height":106,"caption":"B-SAFETY GmbH"},"image":{"@id":"https:\/\/www.b-safety.com\/#\/schema\/logo\/image\/"}}]}},"_links":{"self":[{"href":"https:\/\/www.b-safety.com\/fr\/wp-json\/wp\/v2\/pages\/11474","targetHints":{"allow":["GET"]}}],"collection":[{"href":"https:\/\/www.b-safety.com\/fr\/wp-json\/wp\/v2\/pages"}],"about":[{"href":"https:\/\/www.b-safety.com\/fr\/wp-json\/wp\/v2\/types\/page"}],"author":[{"embeddable":true,"href":"https:\/\/www.b-safety.com\/fr\/wp-json\/wp\/v2\/users\/2"}],"replies":[{"embeddable":true,"href":"https:\/\/www.b-safety.com\/fr\/wp-json\/wp\/v2\/comments?post=11474"}],"version-history":[{"count":3,"href":"https:\/\/www.b-safety.com\/fr\/wp-json\/wp\/v2\/pages\/11474\/revisions"}],"predecessor-version":[{"id":25854,"href":"https:\/\/www.b-safety.com\/fr\/wp-json\/wp\/v2\/pages\/11474\/revisions\/25854"}],"up":[{"embeddable":true,"href":"https:\/\/www.b-safety.com\/fr\/wp-json\/wp\/v2\/pages\/5393"}],"wp:attachment":[{"href":"https:\/\/www.b-safety.com\/fr\/wp-json\/wp\/v2\/media?parent=11474"}],"curies":[{"name":"wp","href":"https:\/\/api.w.org\/{rel}","templated":true}]}}