{"id":11280,"date":"2022-02-17T10:05:14","date_gmt":"2022-02-17T09:05:14","guid":{"rendered":"http:\/\/dev.b-safety.com\/mentions-legales\/"},"modified":"2025-06-17T10:11:34","modified_gmt":"2025-06-17T08:11:34","slug":"mentions-legales","status":"publish","type":"page","link":"https:\/\/www.b-safety.com\/fr\/mentions-legales\/","title":{"rendered":"Mentions l\u00e9gales"},"content":{"rendered":"<section class=\"wpb-content-wrapper\"><p>[vc_row][vc_column][vc_column_text text_larger=&#8221;no&#8221; woodmart_inline=&#8221;no&#8221;]<\/p>\n<div class=\"wpb_text_column wpb_content_element\">\n<div class=\"wpb_wrapper\">\n<h1>Mentions l\u00e9gales<\/h1>\n<p>B-SAFETY GmbH<br \/>\nOststra\u00dfe 85<br \/>\nDE-22844 Norderstedt<br \/>\nDeutschland \/ Germany<\/p>\n<p>T\u00e9l : +49 40 538 092 &#8211; 70<\/p>\n<p>Web: <a href=\"https:\/\/www.b-safety.com\/fr\/\">www.b-safety.com<\/a><br \/>\nMail: <a href=\"mailto:info@b-safety.com\">info@b-safety.com<\/a><br \/>\nDirecteur g\u00e9n\u00e9ral : Niels Lorenzen<\/p>\n<p>Tribunal d&#8217;instance de Kiel &#8211; HRB 18781<br \/>\nN\u00b0 de TVA DE126638910<br \/>\nN\u00b0 d&#8217;enregistrement WEEE : DE 85759272<br \/>\nN\u00b0 d&#8217;enregistrement Batt : DE 86067873<br \/>\nN\u00b0 d&#8217;enregistrement LUCID : DE3905296143151<\/p>\n<\/div>\n<\/div>\n<div class=\"vc_row wpb_row vc_inner vc_row-fluid\">\n<div class=\"wpb_column vc_column_container vc_col-sm-12\">\n<div class=\"vc_column-inner\">\n<div class=\"wpb_wrapper\">\n<div class=\"wpb_text_column wpb_content_element\">\n<div class=\"wpb_wrapper\">\n<p>COPYRIGHT<br \/>\nB-SAFETY GmbH<br \/>\nTous droits r\u00e9serv\u00e9s.<\/p>\n<p>Toutes les images et informations de ces pages web sont soumises aux droits d&#8217;auteur ou \u00e0 d&#8217;autres droits de propri\u00e9t\u00e9 industrielle. L&#8217;utilisation et la reproduction de ces informations ne sont autoris\u00e9es qu&#8217;avec l&#8217;accord \u00e9crit pr\u00e9alable de B-SAFETY GmbH. B-SAFETY GmbH se r\u00e9serve le droit de modifier le contenu de son site \u00e0 tout moment et sans pr\u00e9avis. Il n&#8217;en r\u00e9sulte pas de droit \u00e0 la responsabilit\u00e9.<\/p>\n<\/div>\n<\/div>\n<\/div>\n<\/div>\n<\/div>\n<\/div>\n<p>[\/vc_column_text][\/vc_column][\/vc_row]<\/p>\n<\/section>","protected":false},"excerpt":{"rendered":"<p>[vc_row][vc_column][vc_column_text text_larger=&#8221;no&#8221; woodmart_inline=&#8221;no&#8221;] Mentions l\u00e9gales B-SAFETY GmbH Oststra\u00dfe 85 DE-22844 Norderstedt Deutschland \/ Germany T\u00e9l : +49 40 538 092<\/p>\n","protected":false},"author":2,"featured_media":0,"parent":0,"menu_order":0,"comment_status":"closed","ping_status":"closed","template":"","meta":{"footnotes":"","advanced-sidebar-menu\/link-title":"","advanced-sidebar-menu\/exclude-page":false},"class_list":["post-11280","page","type-page","status-publish","hentry"],"yoast_head":"<!-- This site is optimized with the Yoast SEO plugin v27.4 - https:\/\/yoast.com\/product\/yoast-seo-wordpress\/ -->\n<title>Mentions l\u00e9gales - B-SAFETY<\/title>\n<meta name=\"robots\" content=\"index, follow, max-snippet:-1, max-image-preview:large, max-video-preview:-1\" \/>\n<link rel=\"canonical\" href=\"https:\/\/www.b-safety.com\/fr\/mentions-legales\/\" \/>\n<meta property=\"og:locale\" content=\"fr_FR\" \/>\n<meta property=\"og:type\" content=\"article\" \/>\n<meta property=\"og:title\" content=\"Mentions l\u00e9gales - B-SAFETY\" \/>\n<meta property=\"og:description\" content=\"[vc_row][vc_column][vc_column_text text_larger=&#8221;no&#8221; woodmart_inline=&#8221;no&#8221;] Mentions l\u00e9gales B-SAFETY GmbH Oststra\u00dfe 85 DE-22844 Norderstedt Deutschland \/ Germany T\u00e9l : +49 40 538 092\" \/>\n<meta property=\"og:url\" content=\"https:\/\/www.b-safety.com\/fr\/mentions-legales\/\" \/>\n<meta property=\"og:site_name\" content=\"B-SAFETY\" \/>\n<meta property=\"article:modified_time\" content=\"2025-06-17T08:11:34+00:00\" \/>\n<meta name=\"twitter:card\" content=\"summary_large_image\" \/>\n<meta name=\"twitter:label1\" content=\"Dur\u00e9e de lecture estim\u00e9e\" \/>\n\t<meta name=\"twitter:data1\" content=\"1 minute\" \/>\n<script type=\"application\/ld+json\" class=\"yoast-schema-graph\">{\"@context\":\"https:\\\/\\\/schema.org\",\"@graph\":[{\"@type\":\"WebPage\",\"@id\":\"https:\\\/\\\/www.b-safety.com\\\/fr\\\/mentions-legales\\\/\",\"url\":\"https:\\\/\\\/www.b-safety.com\\\/fr\\\/mentions-legales\\\/\",\"name\":\"Mentions l\u00e9gales - B-SAFETY\",\"isPartOf\":{\"@id\":\"https:\\\/\\\/www.b-safety.com\\\/#website\"},\"datePublished\":\"2022-02-17T09:05:14+00:00\",\"dateModified\":\"2025-06-17T08:11:34+00:00\",\"breadcrumb\":{\"@id\":\"https:\\\/\\\/www.b-safety.com\\\/fr\\\/mentions-legales\\\/#breadcrumb\"},\"inLanguage\":\"fr-FR\",\"potentialAction\":[{\"@type\":\"ReadAction\",\"target\":[\"https:\\\/\\\/www.b-safety.com\\\/fr\\\/mentions-legales\\\/\"]}]},{\"@type\":\"BreadcrumbList\",\"@id\":\"https:\\\/\\\/www.b-safety.com\\\/fr\\\/mentions-legales\\\/#breadcrumb\",\"itemListElement\":[{\"@type\":\"ListItem\",\"position\":1,\"name\":\"Startseite\",\"item\":\"https:\\\/\\\/www.b-safety.com\\\/fr\\\/\"},{\"@type\":\"ListItem\",\"position\":2,\"name\":\"Mentions l\u00e9gales\"}]},{\"@type\":\"WebSite\",\"@id\":\"https:\\\/\\\/www.b-safety.com\\\/#website\",\"url\":\"https:\\\/\\\/www.b-safety.com\\\/\",\"name\":\"B-SAFETY\",\"description\":\"B-SAFETY - Notduschen &amp; Augenduschen\",\"publisher\":{\"@id\":\"https:\\\/\\\/www.b-safety.com\\\/#organization\"},\"potentialAction\":[{\"@type\":\"SearchAction\",\"target\":{\"@type\":\"EntryPoint\",\"urlTemplate\":\"https:\\\/\\\/www.b-safety.com\\\/?s={search_term_string}\"},\"query-input\":{\"@type\":\"PropertyValueSpecification\",\"valueRequired\":true,\"valueName\":\"search_term_string\"}}],\"inLanguage\":\"fr-FR\"},{\"@type\":\"Organization\",\"@id\":\"https:\\\/\\\/www.b-safety.com\\\/#organization\",\"name\":\"B-SAFETY GmbH\",\"url\":\"https:\\\/\\\/www.b-safety.com\\\/\",\"logo\":{\"@type\":\"ImageObject\",\"inLanguage\":\"fr-FR\",\"@id\":\"https:\\\/\\\/www.b-safety.com\\\/#\\\/schema\\\/logo\\\/image\\\/\",\"url\":\"https:\\\/\\\/www.b-safety.com\\\/wp-content\\\/uploads\\\/Logo-B-SAFETY-2022.jpg\",\"contentUrl\":\"https:\\\/\\\/www.b-safety.com\\\/wp-content\\\/uploads\\\/Logo-B-SAFETY-2022.jpg\",\"width\":500,\"height\":106,\"caption\":\"B-SAFETY GmbH\"},\"image\":{\"@id\":\"https:\\\/\\\/www.b-safety.com\\\/#\\\/schema\\\/logo\\\/image\\\/\"}}]}<\/script>\n<!-- \/ Yoast SEO plugin. -->","yoast_head_json":{"title":"Mentions l\u00e9gales - B-SAFETY","robots":{"index":"index","follow":"follow","max-snippet":"max-snippet:-1","max-image-preview":"max-image-preview:large","max-video-preview":"max-video-preview:-1"},"canonical":"https:\/\/www.b-safety.com\/fr\/mentions-legales\/","og_locale":"fr_FR","og_type":"article","og_title":"Mentions l\u00e9gales - B-SAFETY","og_description":"[vc_row][vc_column][vc_column_text text_larger=&#8221;no&#8221; woodmart_inline=&#8221;no&#8221;] Mentions l\u00e9gales B-SAFETY GmbH Oststra\u00dfe 85 DE-22844 Norderstedt Deutschland \/ Germany T\u00e9l : +49 40 538 092","og_url":"https:\/\/www.b-safety.com\/fr\/mentions-legales\/","og_site_name":"B-SAFETY","article_modified_time":"2025-06-17T08:11:34+00:00","twitter_card":"summary_large_image","twitter_misc":{"Dur\u00e9e de lecture estim\u00e9e":"1 minute"},"schema":{"@context":"https:\/\/schema.org","@graph":[{"@type":"WebPage","@id":"https:\/\/www.b-safety.com\/fr\/mentions-legales\/","url":"https:\/\/www.b-safety.com\/fr\/mentions-legales\/","name":"Mentions l\u00e9gales - B-SAFETY","isPartOf":{"@id":"https:\/\/www.b-safety.com\/#website"},"datePublished":"2022-02-17T09:05:14+00:00","dateModified":"2025-06-17T08:11:34+00:00","breadcrumb":{"@id":"https:\/\/www.b-safety.com\/fr\/mentions-legales\/#breadcrumb"},"inLanguage":"fr-FR","potentialAction":[{"@type":"ReadAction","target":["https:\/\/www.b-safety.com\/fr\/mentions-legales\/"]}]},{"@type":"BreadcrumbList","@id":"https:\/\/www.b-safety.com\/fr\/mentions-legales\/#breadcrumb","itemListElement":[{"@type":"ListItem","position":1,"name":"Startseite","item":"https:\/\/www.b-safety.com\/fr\/"},{"@type":"ListItem","position":2,"name":"Mentions l\u00e9gales"}]},{"@type":"WebSite","@id":"https:\/\/www.b-safety.com\/#website","url":"https:\/\/www.b-safety.com\/","name":"B-SAFETY","description":"B-SAFETY - Notduschen &amp; Augenduschen","publisher":{"@id":"https:\/\/www.b-safety.com\/#organization"},"potentialAction":[{"@type":"SearchAction","target":{"@type":"EntryPoint","urlTemplate":"https:\/\/www.b-safety.com\/?s={search_term_string}"},"query-input":{"@type":"PropertyValueSpecification","valueRequired":true,"valueName":"search_term_string"}}],"inLanguage":"fr-FR"},{"@type":"Organization","@id":"https:\/\/www.b-safety.com\/#organization","name":"B-SAFETY GmbH","url":"https:\/\/www.b-safety.com\/","logo":{"@type":"ImageObject","inLanguage":"fr-FR","@id":"https:\/\/www.b-safety.com\/#\/schema\/logo\/image\/","url":"https:\/\/www.b-safety.com\/wp-content\/uploads\/Logo-B-SAFETY-2022.jpg","contentUrl":"https:\/\/www.b-safety.com\/wp-content\/uploads\/Logo-B-SAFETY-2022.jpg","width":500,"height":106,"caption":"B-SAFETY GmbH"},"image":{"@id":"https:\/\/www.b-safety.com\/#\/schema\/logo\/image\/"}}]}},"_links":{"self":[{"href":"https:\/\/www.b-safety.com\/fr\/wp-json\/wp\/v2\/pages\/11280","targetHints":{"allow":["GET"]}}],"collection":[{"href":"https:\/\/www.b-safety.com\/fr\/wp-json\/wp\/v2\/pages"}],"about":[{"href":"https:\/\/www.b-safety.com\/fr\/wp-json\/wp\/v2\/types\/page"}],"author":[{"embeddable":true,"href":"https:\/\/www.b-safety.com\/fr\/wp-json\/wp\/v2\/users\/2"}],"replies":[{"embeddable":true,"href":"https:\/\/www.b-safety.com\/fr\/wp-json\/wp\/v2\/comments?post=11280"}],"version-history":[{"count":6,"href":"https:\/\/www.b-safety.com\/fr\/wp-json\/wp\/v2\/pages\/11280\/revisions"}],"predecessor-version":[{"id":52147,"href":"https:\/\/www.b-safety.com\/fr\/wp-json\/wp\/v2\/pages\/11280\/revisions\/52147"}],"wp:attachment":[{"href":"https:\/\/www.b-safety.com\/fr\/wp-json\/wp\/v2\/media?parent=11280"}],"curies":[{"name":"wp","href":"https:\/\/api.w.org\/{rel}","templated":true}]}}